{"id":492,"date":"2023-04-11T10:45:47","date_gmt":"2023-04-11T10:45:47","guid":{"rendered":"http:\/\/www4.ekf.tuke.sk\/kbai\/?page_id=492"},"modified":"2025-09-16T06:31:06","modified_gmt":"2025-09-16T06:31:06","slug":"softverove-vybavenie-a-databazy","status":"publish","type":"page","link":"https:\/\/kbai.ekf.tuke.sk\/index.php\/spolupraca\/softverove-vybavenie-a-databazy\/","title":{"rendered":"Softv\u00e9rov\u00e9 vybavenie a datab\u00e1zy"},"content":{"rendered":"<p><strong style=\"font-size: 1rem;\">Softv\u00e9rov\u00e9 vybavenie a datab\u00e1zy:<\/strong><\/p>\n<ul>\n<li style=\"list-style-type: none;\">\n<ul>\n<li><strong>Vo\u013ene dostupn\u00fd softv\u00e9r<\/strong>\n<ul>\n<li><a href=\"https:\/\/www.r-project.org\/\" target=\"_blank\" rel=\"noopener\">R project<\/a><\/li>\n<li><a href=\"https:\/\/posit.co\/download\/rstudio-desktop\/\" target=\"_blank\" rel=\"noopener\">RStudio Desktop<\/a><\/li>\n<li><a href=\"https:\/\/www.python.org\/downloads\/\" target=\"_blank\" rel=\"noopener\">Python<\/a><\/li>\n<\/ul>\n<\/li>\n<li><strong>Softv\u00e9r licencovan\u00fd pre TUKE<\/strong>\n<ul>\n<li><a href=\"https:\/\/uvt.tuke.sk\/wps\/portal\/uv\/software\/adobe\" target=\"_blank\" rel=\"noopener\">Adobe<\/a><\/li>\n<li><a href=\"https:\/\/uvt.tuke.sk\/wps\/portal\/uv\/software\/antivirusovy-system\" target=\"_blank\" rel=\"noopener\">Antiv\u00edrusov\u00fd syst\u00e9m<\/a><\/li>\n<li><a href=\"https:\/\/uvt.tuke.sk\/wps\/portal\/uv\/software\/matlab\" target=\"_blank\" rel=\"noopener\">Matlab<\/a><\/li>\n<li><a href=\"https:\/\/uvt.tuke.sk\/wps\/portal\/uv\/software\/microsoft-office365\" target=\"_blank\" rel=\"noopener\">Microsoft Office 365<\/a><\/li>\n<li><a href=\"https:\/\/uvt.tuke.sk\/wps\/portal\/uv\/sluzby\/webex\" target=\"_blank\" rel=\"noopener\">Cisco Webex<\/a><\/li>\n<\/ul>\n<\/li>\n<li><strong>Vo\u013ene dostupn\u00e9 datab\u00e1zy<\/strong>\n<ul>\n<li><a href=\"https:\/\/ec.europa.eu\/eurostat\" target=\"_blank\" rel=\"noopener\">EC Eurostat<\/a><\/li>\n<li><a href=\"https:\/\/data.ecb.europa.eu\/\" target=\"_blank\" rel=\"noopener\">ECB Data Portal<\/a><\/li>\n<li><a href=\"https:\/\/www.finstat.sk\/\" target=\"_blank\" rel=\"noopener\">FinStat<\/a><\/li>\n<li><a href=\"https:\/\/data.imf.org\/?sk=388dfa60-1d26-4ade-b505-a05a558d9a42\" target=\"_blank\" rel=\"noopener\">IMF Data<\/a><\/li>\n<li><a href=\"https:\/\/www.registeruz.sk\/cruz-public\/domain\/accountingentity\/simplesearch\" target=\"_blank\" rel=\"noopener\">MF SR Register \u00fa\u010dtovn\u00fdch z\u00e1vierok<\/a><\/li>\n<li><a href=\"https:\/\/nbs.sk\/statisticke-udaje\/vybrane-makroekonomicke-ukazovatele\/makroekonomicka-databaza\/\" target=\"_blank\" rel=\"noopener\">NBS Makroekonomick\u00e1 datab\u00e1za<\/a><\/li>\n<li><a href=\"https:\/\/nbs.sk\/statisticke-udaje\/openstats\/\" target=\"_blank\" rel=\"noopener\">NBS OpenStats<\/a><\/li>\n<li><a href=\"https:\/\/datacube.statistics.sk\/\" target=\"_blank\" rel=\"noopener\">\u0160U SR &#8211; DATAcube<\/a><\/li>\n<li><a href=\"https:\/\/databank.worldbank.org\/home\" target=\"_blank\" rel=\"noopener\">The World Bank DataBank<\/a><\/li>\n<\/ul>\n<\/li>\n<\/ul>\n<\/li>\n<\/ul>\n","protected":false},"excerpt":{"rendered":"<p>Softv\u00e9rov\u00e9 vybavenie a datab\u00e1zy: Vo\u013ene dostupn\u00fd softv\u00e9r R project RStudio Desktop Python Softv\u00e9r licencovan\u00fd pre TUKE Adobe Antiv\u00edrusov\u00fd syst\u00e9m Matlab Microsoft Office 365 Cisco Webex&hellip;<\/p>\n","protected":false},"author":1,"featured_media":0,"parent":429,"menu_order":0,"comment_status":"closed","ping_status":"closed","template":"","meta":{"footnotes":""},"class_list":["post-492","page","type-page","status-publish","hentry","no-post-thumbnail"],"_links":{"self":[{"href":"https:\/\/kbai.ekf.tuke.sk\/index.php\/wp-json\/wp\/v2\/pages\/492","targetHints":{"allow":["GET"]}}],"collection":[{"href":"https:\/\/kbai.ekf.tuke.sk\/index.php\/wp-json\/wp\/v2\/pages"}],"about":[{"href":"https:\/\/kbai.ekf.tuke.sk\/index.php\/wp-json\/wp\/v2\/types\/page"}],"author":[{"embeddable":true,"href":"https:\/\/kbai.ekf.tuke.sk\/index.php\/wp-json\/wp\/v2\/users\/1"}],"replies":[{"embeddable":true,"href":"https:\/\/kbai.ekf.tuke.sk\/index.php\/wp-json\/wp\/v2\/comments?post=492"}],"version-history":[{"count":6,"href":"https:\/\/kbai.ekf.tuke.sk\/index.php\/wp-json\/wp\/v2\/pages\/492\/revisions"}],"predecessor-version":[{"id":847,"href":"https:\/\/kbai.ekf.tuke.sk\/index.php\/wp-json\/wp\/v2\/pages\/492\/revisions\/847"}],"up":[{"embeddable":true,"href":"https:\/\/kbai.ekf.tuke.sk\/index.php\/wp-json\/wp\/v2\/pages\/429"}],"wp:attachment":[{"href":"https:\/\/kbai.ekf.tuke.sk\/index.php\/wp-json\/wp\/v2\/media?parent=492"}],"curies":[{"name":"wp","href":"https:\/\/api.w.org\/{rel}","templated":true}]}}