{"id":488,"date":"2023-04-11T10:44:55","date_gmt":"2023-04-11T10:44:55","guid":{"rendered":"http:\/\/www4.ekf.tuke.sk\/kbai\/?page_id=488"},"modified":"2023-11-14T07:45:46","modified_gmt":"2023-11-14T07:45:46","slug":"partneri","status":"publish","type":"page","link":"https:\/\/kbai.ekf.tuke.sk\/index.php\/spolupraca\/partneri\/","title":{"rendered":"Partneri"},"content":{"rendered":"<ul>\n<li style=\"list-style-type: none;\"><\/li>\n<\/ul>\n<table>\n<tbody>\n<tr>\n<td width=\"270\"><strong>N\u00e1zov<br \/>\n<\/strong><\/td>\n<td width=\"370\"><strong>Popis spolupr\u00e1ce<\/strong><\/td>\n<td width=\"170\"><strong>Kontaktn\u00e1 osoba<\/strong><\/td>\n<\/tr>\n<tr>\n<td colspan=\"3\" bgcolor=\"#d42fa5\" width=\"636\"><strong><span style=\"color: #ffffff;\">KBAI<\/span><\/strong><\/td>\n<\/tr>\n<tr>\n<td width=\"270\">LafargeHolcim European Business Services, s.r.o. Ko\u0161ice, SK<\/td>\n<td width=\"270\">Spolupr\u00e1ca vo vzdel\u00e1van\u00ed \u2013 exkurzia spojen\u00e1 s\u00a0predn\u00e1\u0161kou,Ladislav Sim<\/td>\n<td width=\"270\">doc. Ing. Jozef Glova, PhD.<\/td>\n<\/tr>\n<tr>\n<td width=\"270\">CFA Society Czech Republic, Praha, CZ<\/td>\n<td width=\"270\">Spolupr\u00e1ca vo vzdel\u00e1van\u00ed \u2013Realiz\u00e1cia CFA Institute Research Challenge, National Round<\/td>\n<td width=\"270\">doc. Ing. Jozef Glova, PhD.<\/p>\n<p>Ing. Leo\u0161 \u0160af\u00e1r, PhD., MBA<\/td>\n<\/tr>\n<tr>\n<td width=\"270\">CFA Society Czech Republic, Praha, CZ<\/td>\n<td width=\"270\">Spolupr\u00e1ca vo vzdel\u00e1van\u00ed \u2013Michal Stupavsk\u00fd, CFA: University Roadshow\u00a0 Behavioral finance foundations for investors<\/td>\n<td width=\"194\">doc. Ing. Jozef Glova, PhD.<\/td>\n<\/tr>\n<tr>\n<td width=\"270\">CFA Society Czech Republic, Praha, CZ<\/td>\n<td width=\"171\">Spolupr\u00e1ca vo vzdel\u00e1van\u00ed \u2013realizovan\u00e9 predn\u00e1\u0161kyRNDr. Igor Vil\u010dek CFA University Roadshow<\/td>\n<td width=\"194\">doc. Ing. Jozef Glova, PhD.<\/td>\n<\/tr>\n<tr>\n<td width=\"270\">CFA Society Slovakia, Bratislava, SK<\/td>\n<td width=\"171\">Spolupr\u00e1ca vo vzdel\u00e1van\u00ed \u2013Realiz\u00e1cia CFA Institute Research Challenge, Local Final<\/td>\n<td width=\"194\">Ing. Leo\u0161 \u0160af\u00e1r, PhD., MBA<\/td>\n<\/tr>\n<tr>\n<td width=\"270\">CFA Society, London, UK<\/td>\n<td width=\"171\">Spolupr\u00e1ca vo vzdel\u00e1van\u00ed \u2013\u00fa\u010das\u0165 \u0161tudentov na pravideln\u00fdch webin\u00e1rov akoCFA Program: ready, steady, win!<\/p>\n<p>Positive impact careers with the CFA Program<\/p>\n<p>Career confidence with the CFA Program<\/p>\n<p>Peter Watkins, Senior Director, University Relations<\/td>\n<td width=\"194\">doc. Ing. Jozef Glova, PhD.<\/p>\n<p>Ing. Leo\u0161 \u0160af\u00e1r, PhD., MBA<\/td>\n<\/tr>\n<tr>\n<td width=\"270\">Technical University of Applied Sciences Wildau, G<\/td>\n<td width=\"171\">Spolupr\u00e1ca vo vzdel\u00e1van\u00ed \u2013 \u00a0zabezpe\u010denie \u0161kolenia na TH Wildau, Prof. J\u00f6rg Reiff-Stephan<\/td>\n<td width=\"194\">doc. Ing. Jozef Glova, PhD.<\/td>\n<\/tr>\n<tr>\n<td width=\"270\">US-Polish Trade Council, Katowice, PL<\/td>\n<td width=\"171\">Spolupr\u00e1ca vo vzdel\u00e1van\u00ed \u2013\u00a0 zabezpe\u010denie \u0161kolenia na US-Polish Trade Council, Palo Alto, CA, USA<\/td>\n<td width=\"194\">doc. Ing. Jozef Glova, PhD.<\/td>\n<\/tr>\n<tr>\n<td width=\"270\">\u00a0T-systems, Ko\u0161ice, SK<\/td>\n<td width=\"171\">Spolupr\u00e1ca vo vzdel\u00e1van\u00ed \u2013Realizovan\u00e9 predn\u00e1\u0161kyMgr. Marieta Stefanovicova<\/td>\n<td width=\"194\">Ing. Tom\u00e1\u0161 \u0160tofa, PhD.<\/td>\n<\/tr>\n<tr>\n<td width=\"270\">SAP University Competence Center Magdeburg, Magdeburg, DE<\/td>\n<td width=\"171\">Spolupr\u00e1ca na tvorbe obsahu predmetov SAP<\/td>\n<td width=\"194\">Ing. Tom\u00e1\u0161 \u0160tofa, PhD.<\/td>\n<\/tr>\n<tr>\n<td width=\"270\">RM syst\u00e9m a\u00a0FIO banka, Praha, CZ<\/td>\n<td width=\"171\">Spolupr\u00e1ca vo vzdel\u00e1van\u00ed \u2013 S\u00fa\u0165a\u017e pre \u0161tudentov v\u00a0obchodovan\u00ed na akciovom trhuJan KostrhounRM-SYST\u00c9M<\/td>\n<td width=\"194\">Ing. Radovan Dr\u00e1b, PhD.<\/td>\n<\/tr>\n<tr>\n<td width=\"270\">Proebiz, Ostrava, CZ<\/td>\n<td width=\"171\">Spolupr\u00e1ca vo vzdel\u00e1van\u00ed \u2013 Pr\u00e1ca \u0161tudentov v\u00a0digit\u00e1lnom obstar\u00e1vacom syst\u00e9me<\/td>\n<td width=\"194\">doc. Ing. Radoslav Delina, PhD.<\/td>\n<\/tr>\n<tr>\n<td width=\"270\">Filip Kli\u010dka, Ko\u0161ice<\/td>\n<td width=\"171\">Spolupr\u00e1ca vo vzdel\u00e1van\u00ed \u2013Realizovan\u00e9 predn\u00e1\u0161ky v\u00a0r\u00e1mci problematiky elektronick\u00e9ho obchodovania<\/td>\n<td width=\"194\">doc. Ing. Radoslav Delina, PhD.<\/td>\n<\/tr>\n<tr>\n<td width=\"270\">Kooperat\u00edva<\/td>\n<td width=\"171\">Spolupr\u00e1ca vo vzdel\u00e1van\u00ed \u2013Exkurzia vo firme<\/td>\n<td width=\"194\">doc. Ing. Michal \u0160olt\u00e9s, PhD.<\/td>\n<\/tr>\n<\/tbody>\n<\/table>\n<ul>\n<li style=\"list-style-type: none;\"><\/li>\n<\/ul>\n","protected":false},"excerpt":{"rendered":"<p>N\u00e1zov Popis spolupr\u00e1ce Kontaktn\u00e1 osoba KBAI LafargeHolcim European Business Services, s.r.o. Ko\u0161ice, SK Spolupr\u00e1ca vo vzdel\u00e1van\u00ed \u2013 exkurzia spojen\u00e1 s\u00a0predn\u00e1\u0161kou,Ladislav Sim doc. Ing. Jozef Glova,&hellip;<\/p>\n","protected":false},"author":1,"featured_media":0,"parent":429,"menu_order":2,"comment_status":"closed","ping_status":"closed","template":"","meta":{"footnotes":""},"class_list":["post-488","page","type-page","status-publish","hentry","no-post-thumbnail"],"_links":{"self":[{"href":"https:\/\/kbai.ekf.tuke.sk\/index.php\/wp-json\/wp\/v2\/pages\/488","targetHints":{"allow":["GET"]}}],"collection":[{"href":"https:\/\/kbai.ekf.tuke.sk\/index.php\/wp-json\/wp\/v2\/pages"}],"about":[{"href":"https:\/\/kbai.ekf.tuke.sk\/index.php\/wp-json\/wp\/v2\/types\/page"}],"author":[{"embeddable":true,"href":"https:\/\/kbai.ekf.tuke.sk\/index.php\/wp-json\/wp\/v2\/users\/1"}],"replies":[{"embeddable":true,"href":"https:\/\/kbai.ekf.tuke.sk\/index.php\/wp-json\/wp\/v2\/comments?post=488"}],"version-history":[{"count":11,"href":"https:\/\/kbai.ekf.tuke.sk\/index.php\/wp-json\/wp\/v2\/pages\/488\/revisions"}],"predecessor-version":[{"id":748,"href":"https:\/\/kbai.ekf.tuke.sk\/index.php\/wp-json\/wp\/v2\/pages\/488\/revisions\/748"}],"up":[{"embeddable":true,"href":"https:\/\/kbai.ekf.tuke.sk\/index.php\/wp-json\/wp\/v2\/pages\/429"}],"wp:attachment":[{"href":"https:\/\/kbai.ekf.tuke.sk\/index.php\/wp-json\/wp\/v2\/media?parent=488"}],"curies":[{"name":"wp","href":"https:\/\/api.w.org\/{rel}","templated":true}]}}