{"id":486,"date":"2023-04-11T10:44:33","date_gmt":"2023-04-11T10:44:33","guid":{"rendered":"http:\/\/www4.ekf.tuke.sk\/kbai\/?page_id=486"},"modified":"2025-12-16T08:35:48","modified_gmt":"2025-12-16T08:35:48","slug":"projekty","status":"publish","type":"page","link":"https:\/\/kbai.ekf.tuke.sk\/index.php\/spolupraca\/projekty\/","title":{"rendered":"Projekty"},"content":{"rendered":"<table style=\"color: #737373; font-family: Lato, sans-serif; font-size: 1rem; width: 860px; height: 1005px;\" width=\"100%\">\n<tbody>\n<tr style=\"height: 74px;\">\n<th style=\"width: 36.23%; height: 74px;\">\n<h6><strong>N\u00e1zov projektu<\/strong><\/h6>\n<\/th>\n<th style=\"width: 9.21526%; text-align: center; height: 74px;\">\n<h6><strong>\u010c\u00edslo projektu<\/strong><\/h6>\n<\/th>\n<th style=\"width: 7.49009%; text-align: center; height: 74px;\">\n<h6><strong>Typ projektu<\/strong><\/h6>\n<\/th>\n<th style=\"width: 8.74973%; text-align: center; height: 74px;\">\n<h6><strong>Typ projektu<\/strong><\/h6>\n<\/th>\n<th style=\"width: 71.4743%; height: 74px;\">\n<h6 style=\"text-align: center;\"><strong>Zodpovedn\u00fd rie\u0161ite\u013e<\/strong><\/h6>\n<\/th>\n<\/tr>\n<tr style=\"height: 49px;\">\n<th style=\"height: 49px; width: 71.4743%;\" bgcolor=\"#d42fa5\"><strong><span style=\"color: #ffffff;\">V\u00fdskumn\u00e9 projekty &#8211; VEGA<\/span><\/strong><\/th>\n<th style=\"height: 49px; width: 9.21526%;\" bgcolor=\"#d42fa5\"><\/th>\n<th style=\"height: 49px; width: 7.49009%;\" bgcolor=\"#d42fa5\"><\/th>\n<th style=\"height: 49px; width: 8.74973%;\" bgcolor=\"#d42fa5\"><\/th>\n<th style=\"height: 49px; width: 36.23%;\" bgcolor=\"#d42fa5\"><\/th>\n<\/tr>\n<tr style=\"height: 36px;\">\n<td style=\"width: 71.4743%; height: 36px;\">Zranite\u013enos\u0165 finan\u010dn\u00e9ho syst\u00e9mu v kontexte rizika kybernetickej bezpe\u010dnosti<\/td>\n<td style=\"width: 9.21526%; text-align: center; height: 36px;\">1\/0638\/25<\/td>\n<td style=\"width: 7.49009%; height: 36px; text-align: center;\"><span style=\"font-size: 12pt;\">VEGA<\/span><\/td>\n<td style=\"width: 8.74973%; height: 36px; text-align: center;\"><span style=\"font-size: 12pt;\">2025-2027<\/span><\/td>\n<td style=\"width: 36.23%; height: 36px;\">Ing. Jakub Sopko, PhD.<\/td>\n<\/tr>\n<tr style=\"height: 36px;\">\n<td style=\"width: 71.4743%; height: 36px;\">Intelektu\u00e1lny kapit\u00e1l a produktivita regi\u00f3nov<\/td>\n<td style=\"width: 9.21526%; text-align: center; height: 36px;\">1\/0638\/22<\/td>\n<td style=\"width: 7.49009%; height: 36px; text-align: center;\"><span style=\"font-size: 12pt;\">VEGA<\/span><\/td>\n<td style=\"width: 8.74973%; height: 36px; text-align: center;\"><span style=\"font-size: 12pt;\">2022-2024<\/span><\/td>\n<td style=\"width: 36.23%; height: 36px;\">Ing. Darya Dancakov\u00e1, PhD.<\/td>\n<\/tr>\n<tr style=\"height: 49px;\">\n<td style=\"height: 49px; width: 71.4743%;\">Anal\u00fdza ekonomick\u00fdch perspekt\u00edv Industry 4.0 z poh\u013eadu vplyvu nehmotn\u00fdch akt\u00edv na rentabilitu a trhov\u00fa hodnotu priemyseln\u00fdch podnikov<\/td>\n<td style=\"height: 49px; width: 9.21526%; text-align: center;\">1\/0673\/21<\/td>\n<td style=\"height: 49px; width: 7.49009%; text-align: center;\" align=\"center\"><span style=\"font-size: 12pt;\">VEGA<\/span><\/td>\n<td style=\"height: 49px; width: 8.74973%; text-align: center;\"><span style=\"font-size: 12pt;\">2021-2023<\/span><\/td>\n<td style=\"height: 49px; width: 36.23%;\">doc. Ing. Jozef Glova, PhD.<\/td>\n<\/tr>\n<tr style=\"height: 49px;\">\n<th style=\"height: 49px; width: 71.4743%;\" bgcolor=\"#d42fa5\"><strong><span style=\"color: #ffffff;\">V\u00fdskumn\u00e9 projekty &#8211; APVV<\/span><\/strong><\/th>\n<th style=\"height: 49px; width: 9.21526%;\" bgcolor=\"#d42fa5\"><\/th>\n<th style=\"height: 49px; width: 7.49009%;\" bgcolor=\"#d42fa5\"><\/th>\n<th style=\"height: 49px; width: 8.74973%;\" bgcolor=\"#d42fa5\"><\/th>\n<th style=\"height: 49px; width: 36.23%;\" bgcolor=\"#d42fa5\"><\/th>\n<\/tr>\n<tr style=\"height: 49px;\">\n<td style=\"width: 71.4743%; height: 49px;\"><a href=\"http:\/\/kbai.ekf.tuke.sk\/wp-content\/uploads\/2025\/12\/Leos_csme_web_sk.pdf\" target=\"_blank\" rel=\"noopener\">Kyberbezpe\u010dnos\u0165 mal\u00fdch a stredn\u00fdch podnikov<\/a> (<a href=\"http:\/\/kbai.ekf.tuke.sk\/wp-content\/uploads\/2025\/12\/Leos_csme_web_en-1.pdf\" target=\"_blank\" rel=\"noopener\">EN<\/a>)<\/td>\n<td style=\"width: 9.21526%; text-align: center; height: 49px;\">VV-MVP-24-0272<\/td>\n<td style=\"width: 7.49009%; height: 49px; text-align: center;\"><span style=\"font-size: 12pt;\">APVV<\/span><\/td>\n<td style=\"width: 8.74973%; height: 49px; text-align: center;\">2025-2027<span style=\"font-size: 12pt;\">\u00a0<\/span><\/td>\n<td style=\"width: 36.23%; height: 49px;\">Ing. Leo\u0161 \u0160af\u00e1r, PhD., MBA<\/td>\n<\/tr>\n<tr style=\"height: 49px;\">\n<td style=\"width: 71.4743%; height: 49px;\">V\u00fdskum behavior\u00e1lnych vzorov v\u00a0rozsiahlych d\u00e1tach verejn\u00e9ho a\u00a0komer\u010dn\u00e9ho obstar\u00e1vania s\u00a0negat\u00edvnym dopadom na v\u00fdkonnos\u0165 procesov obstar\u00e1vania<\/td>\n<td style=\"width: 9.21526%; text-align: center; height: 49px;\">APVV-20-0608<\/td>\n<td style=\"width: 7.49009%; height: 49px; text-align: center;\"><span style=\"font-size: 12pt;\">APVV<\/span><\/td>\n<td style=\"width: 8.74973%; height: 49px; text-align: center;\"><span style=\"font-size: 12pt;\">\u00a0<\/span><\/td>\n<td style=\"width: 36.23%; height: 49px;\">doc. Ing. Radoslav Delina, PhD.<\/td>\n<\/tr>\n<tr style=\"height: 49px;\">\n<th style=\"height: 49px; width: 71.4743%;\" bgcolor=\"#d42fa5\"><strong><span style=\"color: #ffffff;\">V\u00fdskumn\u00e9 projekty &#8211; medzin\u00e1rodn\u00e9<\/span><\/strong><\/th>\n<th style=\"height: 49px; width: 9.21526%;\" bgcolor=\"#d42fa5\"><\/th>\n<th style=\"height: 49px; width: 7.49009%;\" bgcolor=\"#d42fa5\"><\/th>\n<th style=\"height: 49px; width: 8.74973%;\" bgcolor=\"#d42fa5\"><\/th>\n<th style=\"height: 49px; width: 36.23%;\" bgcolor=\"#d42fa5\"><\/th>\n<\/tr>\n<tr style=\"height: 49px;\">\n<td style=\"width: 71.4743%; height: 49px;\">AGRIHUB<\/td>\n<td style=\"width: 9.21526%; height: 49px;\"><\/td>\n<td style=\"width: 7.49009%; height: 49px; text-align: center;\">\u00a0H2020<\/td>\n<td style=\"width: 8.74973%; height: 49px;\"><\/td>\n<td style=\"width: 36.23%; height: 49px;\">doc. Ing. Radoslav Delina, PhD.<\/td>\n<\/tr>\n<tr style=\"height: 49px;\">\n<td style=\"width: 71.4743%; height: 49px;\">EXCORE<\/td>\n<td style=\"width: 9.21526%; height: 49px; text-align: center;\">BPI\/PST\/2021\/1\/ 00007\/U\/00001<\/td>\n<td style=\"width: 7.49009%; height: 49px; text-align: center;\"><span style=\"font-size: 12pt;\">Partnership Agreement<\/span><\/td>\n<td style=\"width: 8.74973%; height: 49px; text-align: center;\"><span style=\"font-size: 12pt;\">2022-2024<\/span><\/td>\n<td style=\"width: 36.23%; height: 49px;\">doc. Ing. Jozef Glova, PhD.<\/td>\n<\/tr>\n<tr style=\"height: 49px;\">\n<td style=\"height: 49px; width: 71.4743%;\" bgcolor=\"#d42fa5\"><strong><span style=\"color: #ffffff;\">Vzdel\u00e1vacie projekty<\/span><\/strong><\/td>\n<td style=\"height: 49px; width: 9.21526%;\" bgcolor=\"#d42fa5\"><\/td>\n<td style=\"height: 49px; width: 7.49009%;\" bgcolor=\"#d42fa5\"><\/td>\n<td style=\"height: 49px; width: 8.74973%;\" bgcolor=\"#d42fa5\"><\/td>\n<td style=\"height: 49px; width: 36.23%;\" bgcolor=\"#d42fa5\"><\/td>\n<\/tr>\n<tr style=\"height: 49px;\">\n<td style=\"height: 49px; width: 71.4743%;\">Reflecting Economics And Climate Change In Teaching (REACCDT)<\/td>\n<td style=\"height: 49px; width: 9.21526%;\"><span style=\"font-size: 12pt;\">KA220-HED<\/span><\/td>\n<td style=\"height: 49px; width: 7.49009%;\" align=\"center\">Erasmus+<\/td>\n<td style=\"height: 49px; width: 8.74973%; text-align: center;\"><span style=\"font-size: 12pt;\">2023-2026<\/span><\/td>\n<td style=\"height: 49px; width: 36.23%;\"><span style=\"font-size: 12pt;\">Ing. Leo\u0161 \u0160af\u00e1r, PhD., MBA<\/span><\/td>\n<\/tr>\n<tr>\n<td style=\"width: 36.23%;\">Digital Area for Networking Teachers and Educators (DANTE)<\/td>\n<td style=\"width: 9.21526%;\"><span style=\"font-size: 12pt;\">2020-1-CZ01-KA226-HE-094368<\/span><\/td>\n<td style=\"width: 7.49009%; text-align: center;\"><span style=\"font-size: 12pt;\">Erasmus+<\/span><\/td>\n<td style=\"width: 8.74973%; text-align: center;\"><span style=\"font-size: 12pt;\">2021-2023<\/span><\/td>\n<td style=\"width: 36.23%;\"><span style=\"font-size: 12pt;\">doc. Ing. Jozef Glova, PhD.<\/span><\/td>\n<\/tr>\n<tr style=\"height: 49px;\">\n<td style=\"height: 49px; width: 71.4743%;\">Network for Inter-Institutional Cooperation in Entrepreneurial Education (NICE)<\/td>\n<td style=\"height: 49px; width: 9.21526%;\"><span style=\"font-size: 12pt;\">2020-1-CZ01-KA201-078488<\/span><\/td>\n<td style=\"height: 49px; width: 7.49009%;\" align=\"center\">Erasmus+<\/td>\n<td style=\"height: 49px; width: 8.74973%; text-align: center;\"><span style=\"font-size: 12pt;\">2020-2023<\/span><\/td>\n<td style=\"height: 49px; width: 36.23%;\"><span style=\"font-size: 12pt;\">doc. Ing. Jozef Glova, PhD.<\/span><\/td>\n<\/tr>\n<\/tbody>\n<\/table>\n","protected":false},"excerpt":{"rendered":"<p>N\u00e1zov projektu \u010c\u00edslo projektu Typ projektu Typ projektu Zodpovedn\u00fd rie\u0161ite\u013e V\u00fdskumn\u00e9 projekty &#8211; VEGA Zranite\u013enos\u0165 finan\u010dn\u00e9ho syst\u00e9mu v kontexte rizika kybernetickej bezpe\u010dnosti 1\/0638\/25 VEGA 2025-2027&hellip;<\/p>\n","protected":false},"author":1,"featured_media":0,"parent":429,"menu_order":1,"comment_status":"closed","ping_status":"closed","template":"","meta":{"footnotes":""},"class_list":["post-486","page","type-page","status-publish","hentry","no-post-thumbnail"],"_links":{"self":[{"href":"https:\/\/kbai.ekf.tuke.sk\/index.php\/wp-json\/wp\/v2\/pages\/486","targetHints":{"allow":["GET"]}}],"collection":[{"href":"https:\/\/kbai.ekf.tuke.sk\/index.php\/wp-json\/wp\/v2\/pages"}],"about":[{"href":"https:\/\/kbai.ekf.tuke.sk\/index.php\/wp-json\/wp\/v2\/types\/page"}],"author":[{"embeddable":true,"href":"https:\/\/kbai.ekf.tuke.sk\/index.php\/wp-json\/wp\/v2\/users\/1"}],"replies":[{"embeddable":true,"href":"https:\/\/kbai.ekf.tuke.sk\/index.php\/wp-json\/wp\/v2\/comments?post=486"}],"version-history":[{"count":23,"href":"https:\/\/kbai.ekf.tuke.sk\/index.php\/wp-json\/wp\/v2\/pages\/486\/revisions"}],"predecessor-version":[{"id":911,"href":"https:\/\/kbai.ekf.tuke.sk\/index.php\/wp-json\/wp\/v2\/pages\/486\/revisions\/911"}],"up":[{"embeddable":true,"href":"https:\/\/kbai.ekf.tuke.sk\/index.php\/wp-json\/wp\/v2\/pages\/429"}],"wp:attachment":[{"href":"https:\/\/kbai.ekf.tuke.sk\/index.php\/wp-json\/wp\/v2\/media?parent=486"}],"curies":[{"name":"wp","href":"https:\/\/api.w.org\/{rel}","templated":true}]}}