{"id":433,"date":"2023-04-05T08:42:53","date_gmt":"2023-04-05T08:42:53","guid":{"rendered":"http:\/\/www4.ekf.tuke.sk\/kbai\/?page_id=433"},"modified":"2025-09-16T06:05:55","modified_gmt":"2025-09-16T06:05:55","slug":"pozvane-prednasky","status":"publish","type":"page","link":"https:\/\/kbai.ekf.tuke.sk\/index.php\/pre-studentov\/pozvane-prednasky\/","title":{"rendered":"Pozvan\u00e9 predn\u00e1\u0161ky"},"content":{"rendered":"<p><strong>Realizovan\u00e9 pozvan\u00e9 predn\u00e1\u0161ky:<\/strong><\/p>\n<ul>\n<li><span class=\"TextRun SCXW8655945 BCX2\" lang=\"SK-SK\" xml:lang=\"SK-SK\" data-contrast=\"auto\"><span class=\"NormalTextRun SCXW8655945 BCX2\">Oce\u0148ovanie investi\u010dn\u00fdch z\u00e1merov &#8211; 20.4.2023 &#8211; <span class=\"TextRun SCXW108075717 BCX2\" lang=\"SK-SK\" xml:lang=\"SK-SK\" data-contrast=\"auto\"><span class=\"NormalTextRun SCXW108075717 BCX2\">Ing. <\/span><span class=\"NormalTextRun SCXW108075717 BCX2\">Ladislav <\/span><span class=\"NormalTextRun SpellingErrorV2Themed SCXW108075717 BCX2\">Sim<\/span><span class=\"NormalTextRun SCXW108075717 BCX2\"> a <\/span><span class=\"NormalTextRun SCXW108075717 BCX2\">Ing. <\/span><span class=\"NormalTextRun SCXW108075717 BCX2\">Luk\u00e1\u0161 <\/span><span class=\"NormalTextRun SpellingErrorV2Themed SCXW108075717 BCX2\">\u0160alamon<\/span><span class=\"NormalTextRun SCXW108075717 BCX2\"> (<\/span><span class=\"NormalTextRun SpellingErrorV2Themed SCXW108075717 BCX2\">Holcim<\/span> <span class=\"NormalTextRun SpellingErrorV2Themed SCXW108075717 BCX2\">European<\/span><span class=\"NormalTextRun SCXW108075717 BCX2\"> Business <\/span><span class=\"NormalTextRun SpellingErrorV2Themed SCXW108075717 BCX2\">Services<\/span><span class=\"NormalTextRun SCXW108075717 BCX2\">) <\/span><span class=\"NormalTextRun SCXW108075717 BCX2\">&#8211; <\/span><span class=\"NormalTextRun SpellingErrorV2Themed SCXW108075717 BCX2\">Financial<\/span> <span class=\"NormalTextRun SpellingErrorV2Themed SCXW108075717 BCX2\">Reporting<\/span><span class=\"NormalTextRun SCXW108075717 BCX2\"> and <\/span><span class=\"NormalTextRun SpellingErrorV2Themed SCXW108075717 BCX2\">Financial<\/span> <span class=\"NormalTextRun SpellingErrorV2Themed SCXW108075717 BCX2\">Reporting<\/span> <span class=\"NormalTextRun SpellingErrorV2Themed SCXW108075717 BCX2\">Standards<\/span><\/span><\/span><\/span><\/li>\n<li>Riziko a neistota vo financi\u00e1ch &#8211; 4.5.2023 &#8211; <span class=\"TextRun SCXW260924180 BCX2\" lang=\"SK-SK\" xml:lang=\"SK-SK\" data-contrast=\"auto\"><span class=\"NormalTextRun SCXW260924180 BCX2\">Ing. J\u00falius <\/span><span class=\"NormalTextRun SpellingErrorV2Themed SCXW260924180 BCX2\">\u0160ofranko<\/span><span class=\"NormalTextRun SCXW260924180 BCX2\"> (<\/span><span class=\"NormalTextRun SpellingErrorV2Themed SCXW260924180 BCX2\">SofDer<\/span> <span class=\"NormalTextRun SpellingErrorV2Themed SCXW260924180 BCX2\">Ltd<\/span><span class=\"NormalTextRun SCXW260924180 BCX2\">.) &#8211; <\/span><span class=\"NormalTextRun SpellingErrorV2Themed SCXW260924180 BCX2\">Trading<\/span><span class=\"NormalTextRun SCXW260924180 BCX2\"> a investi\u010dn\u00e9 strat\u00e9gie v praxi<\/span><\/span><\/li>\n<li>Bankovn\u00edctvo &#8211; 21.11.2024 &#8211; <span class=\"TextRun SCXW242164249 BCX8\" lang=\"EN-US\" xml:lang=\"EN-US\" data-contrast=\"auto\"><span class=\"NormalTextRun SCXW242164249 BCX8\">Ing. Peter <\/span><span class=\"NormalTextRun SpellingErrorV2Themed SCXW242164249 BCX8\">Gern\u00e1t<\/span><span class=\"NormalTextRun SCXW242164249 BCX8\">, PhD. &#8211; Market Vision Slovakia, <\/span><span class=\"NormalTextRun SpellingErrorV2Themed SCXW242164249 BCX8\">s.r.o.<\/span><span class=\"NormalTextRun SCXW242164249 BCX8\"> &#8211; <\/span><span class=\"NormalTextRun SpellingErrorV2Themed SCXW242164249 BCX8\">\u00daverov\u00e9<\/span> <span class=\"NormalTextRun SpellingErrorV2Themed SCXW242164249 BCX8\">obchody<\/span> <span class=\"NormalTextRun SpellingErrorV2Themed SCXW242164249 BCX8\">komer\u010dn\u00fdch<\/span> <span class=\"NormalTextRun SpellingErrorV2Themed SCXW242164249 BCX8\">b\u00e1nk<\/span><\/span><span class=\"EOP SCXW242164249 BCX8\" data-ccp-props=\"{}\">\u00a0<\/span><\/li>\n<li>Bankovn\u00edctvo &#8211; 28.11.2024 &#8211; <span class=\"TextRun SCXW131853758 BCX8\" lang=\"EN-US\" xml:lang=\"EN-US\" data-contrast=\"auto\"><span class=\"NormalTextRun SCXW131853758 BCX8\">Ing. Peter <\/span><span class=\"NormalTextRun SpellingErrorV2Themed SCXW131853758 BCX8\">Gern\u00e1t<\/span><span class=\"NormalTextRun SCXW131853758 BCX8\">, PhD. &#8211; Market Vision Slovakia, <\/span><span class=\"NormalTextRun SpellingErrorV2Themed SCXW131853758 BCX8\">s.r.o.<\/span><span class=\"NormalTextRun SCXW131853758 BCX8\"> &#8211; <\/span><span class=\"NormalTextRun SpellingErrorV2Themed SCXW131853758 BCX8\">Obchodn\u00e9<\/span> <span class=\"NormalTextRun SpellingErrorV2Themed SCXW131853758 BCX8\">financovanie<\/span><\/span><span class=\"EOP SCXW131853758 BCX8\" data-ccp-props=\"{}\">\u00a0<\/span><\/li>\n<li>Platobn\u00fd styk &#8211; 20.3.2025 &#8211; <span class=\"TextRun SCXW131853758 BCX8\" lang=\"EN-US\" xml:lang=\"EN-US\" data-contrast=\"auto\"><span class=\"NormalTextRun SCXW131853758 BCX8\">Ing. Peter <\/span><span class=\"NormalTextRun SpellingErrorV2Themed SCXW131853758 BCX8\">Gern\u00e1t<\/span><span class=\"NormalTextRun SCXW131853758 BCX8\">, PhD. &#8211; Market Vision Slovakia, <\/span><span class=\"NormalTextRun SpellingErrorV2Themed SCXW131853758 BCX8\">s.r.o.<\/span><span class=\"NormalTextRun SCXW131853758 BCX8\"> &#8211; Platobn\u00e9 karty, kartov\u00e9 sch\u00e9my a platobn\u00fd biznis<\/span><\/span><\/li>\n<\/ul>\n","protected":false},"excerpt":{"rendered":"<p>Realizovan\u00e9 pozvan\u00e9 predn\u00e1\u0161ky: Oce\u0148ovanie investi\u010dn\u00fdch z\u00e1merov &#8211; 20.4.2023 &#8211; Ing. Ladislav Sim a Ing. Luk\u00e1\u0161 \u0160alamon (Holcim European Business Services) &#8211; Financial Reporting and Financial&hellip;<\/p>\n","protected":false},"author":1,"featured_media":0,"parent":107,"menu_order":0,"comment_status":"closed","ping_status":"closed","template":"","meta":{"footnotes":""},"class_list":["post-433","page","type-page","status-publish","hentry","no-post-thumbnail"],"_links":{"self":[{"href":"https:\/\/kbai.ekf.tuke.sk\/index.php\/wp-json\/wp\/v2\/pages\/433","targetHints":{"allow":["GET"]}}],"collection":[{"href":"https:\/\/kbai.ekf.tuke.sk\/index.php\/wp-json\/wp\/v2\/pages"}],"about":[{"href":"https:\/\/kbai.ekf.tuke.sk\/index.php\/wp-json\/wp\/v2\/types\/page"}],"author":[{"embeddable":true,"href":"https:\/\/kbai.ekf.tuke.sk\/index.php\/wp-json\/wp\/v2\/users\/1"}],"replies":[{"embeddable":true,"href":"https:\/\/kbai.ekf.tuke.sk\/index.php\/wp-json\/wp\/v2\/comments?post=433"}],"version-history":[{"count":5,"href":"https:\/\/kbai.ekf.tuke.sk\/index.php\/wp-json\/wp\/v2\/pages\/433\/revisions"}],"predecessor-version":[{"id":842,"href":"https:\/\/kbai.ekf.tuke.sk\/index.php\/wp-json\/wp\/v2\/pages\/433\/revisions\/842"}],"up":[{"embeddable":true,"href":"https:\/\/kbai.ekf.tuke.sk\/index.php\/wp-json\/wp\/v2\/pages\/107"}],"wp:attachment":[{"href":"https:\/\/kbai.ekf.tuke.sk\/index.php\/wp-json\/wp\/v2\/media?parent=433"}],"curies":[{"name":"wp","href":"https:\/\/api.w.org\/{rel}","templated":true}]}}