{"id":429,"date":"2023-04-05T08:23:46","date_gmt":"2023-04-05T08:23:46","guid":{"rendered":"http:\/\/www4.ekf.tuke.sk\/kbai\/?page_id=429"},"modified":"2023-11-08T17:13:47","modified_gmt":"2023-11-08T17:13:47","slug":"spolupraca","status":"publish","type":"page","link":"https:\/\/kbai.ekf.tuke.sk\/index.php\/spolupraca\/","title":{"rendered":"Spolupr\u00e1ca"},"content":{"rendered":"<ul>\n<li><a href=\"http:\/\/kbai.ekf.tuke.sk\/index.php\/spolupraca\/projekty\/\">Projekty<\/a><\/li>\n<li><a href=\"http:\/\/kbai.ekf.tuke.sk\/index.php\/spolupraca\/partneri\/\">Partneri<\/a><\/li>\n<li><a href=\"http:\/\/kbai.ekf.tuke.sk\/index.php\/spolupraca\/ponuka-spoluprace\/\">Ponuka spolupr\u00e1ce<\/a><\/li>\n<li><a href=\"http:\/\/kbai.ekf.tuke.sk\/index.php\/spolupraca\/softverove-vybavenie-a-databazy\/\">Softv\u00e9rov\u00e9 vybavenie a datab\u00e1zy<\/a><\/li>\n<\/ul>\n","protected":false},"excerpt":{"rendered":"<p>Projekty Partneri Ponuka spolupr\u00e1ce Softv\u00e9rov\u00e9 vybavenie a datab\u00e1zy<\/p>\n","protected":false},"author":1,"featured_media":0,"parent":0,"menu_order":0,"comment_status":"closed","ping_status":"closed","template":"","meta":{"footnotes":""},"class_list":["post-429","page","type-page","status-publish","hentry","no-post-thumbnail"],"_links":{"self":[{"href":"https:\/\/kbai.ekf.tuke.sk\/index.php\/wp-json\/wp\/v2\/pages\/429","targetHints":{"allow":["GET"]}}],"collection":[{"href":"https:\/\/kbai.ekf.tuke.sk\/index.php\/wp-json\/wp\/v2\/pages"}],"about":[{"href":"https:\/\/kbai.ekf.tuke.sk\/index.php\/wp-json\/wp\/v2\/types\/page"}],"author":[{"embeddable":true,"href":"https:\/\/kbai.ekf.tuke.sk\/index.php\/wp-json\/wp\/v2\/users\/1"}],"replies":[{"embeddable":true,"href":"https:\/\/kbai.ekf.tuke.sk\/index.php\/wp-json\/wp\/v2\/comments?post=429"}],"version-history":[{"count":12,"href":"https:\/\/kbai.ekf.tuke.sk\/index.php\/wp-json\/wp\/v2\/pages\/429\/revisions"}],"predecessor-version":[{"id":590,"href":"https:\/\/kbai.ekf.tuke.sk\/index.php\/wp-json\/wp\/v2\/pages\/429\/revisions\/590"}],"wp:attachment":[{"href":"https:\/\/kbai.ekf.tuke.sk\/index.php\/wp-json\/wp\/v2\/media?parent=429"}],"curies":[{"name":"wp","href":"https:\/\/api.w.org\/{rel}","templated":true}]}}