{"id":351,"date":"2023-02-09T14:42:33","date_gmt":"2023-02-09T14:42:33","guid":{"rendered":"http:\/\/www4.ekf.tuke.sk\/kbai\/?page_id=351"},"modified":"2023-11-08T19:58:30","modified_gmt":"2023-11-08T19:58:30","slug":"michal-soltes","status":"publish","type":"page","link":"https:\/\/kbai.ekf.tuke.sk\/index.php\/o-katedre\/clenovia-katedry\/michal-soltes\/","title":{"rendered":"doc. Ing. Michal \u0160olt\u00e9s, PhD."},"content":{"rendered":"<div class=\"is-layout-flex wp-container-3 wp-block-columns\">\n<div class=\"is-layout-flow wp-block-column\">\n<p class=\"has-medium-font-size\"><strong>docent<\/strong><\/p>\n<hr class=\"wp-block-separator is-style-default\" \/>\n<table>\n<tbody>\n<tr>\n<td><strong><img loading=\"lazy\" decoding=\"async\" class=\"wp-image-661  aligncenter\" src=\"http:\/\/kbai.ekf.tuke.sk\/wp-content\/uploads\/2023\/11\/DSC_6864_upr.jpg\" alt=\"\" width=\"200\" height=\"300\" srcset=\"https:\/\/kbai.ekf.tuke.sk\/wp-content\/uploads\/2023\/11\/DSC_6864_upr.jpg 800w, https:\/\/kbai.ekf.tuke.sk\/wp-content\/uploads\/2023\/11\/DSC_6864_upr-200x300.jpg 200w, https:\/\/kbai.ekf.tuke.sk\/wp-content\/uploads\/2023\/11\/DSC_6864_upr-683x1024.jpg 683w, https:\/\/kbai.ekf.tuke.sk\/wp-content\/uploads\/2023\/11\/DSC_6864_upr-768x1152.jpg 768w\" sizes=\"auto, (max-width: 200px) 100vw, 200px\" \/><br \/>\n<\/strong><\/td>\n<td><span class=\"author-detail-section-label-text rid-color\"><img loading=\"lazy\" decoding=\"async\" class=\"alignleft wp-image-232\" src=\"http:\/\/kbai.ekf.tuke.sk\/wp-content\/uploads\/2023\/02\/CLVT-be02c47f-150x150.png\" alt=\"\" width=\"20\" height=\"20\" \/>Web of Science ResearcherID: <a href=\"https:\/\/www.webofscience.com\/wos\/author\/record\/1921104\" target=\"_blank\" rel=\"noopener\">AAA-5822-2020<\/a><\/span><\/p>\n<p><img loading=\"lazy\" decoding=\"async\" class=\"wp-image-169 alignleft\" src=\"http:\/\/kbai.ekf.tuke.sk\/wp-content\/uploads\/2023\/02\/index-300x110.jpg\" alt=\"\" width=\"54\" height=\"20\" \/>Scopus ID: <a href=\"https:\/\/www.scopus.com\/authid\/detail.uri?authorId=23096300300\" target=\"_blank\" rel=\"noopener\"><span class=\"typography_07b460 sans_07b460\">23096300300<\/span><\/a><\/p>\n<p><img loading=\"lazy\" decoding=\"async\" class=\"alignleft wp-image-170\" src=\"http:\/\/kbai.ekf.tuke.sk\/wp-content\/uploads\/2023\/02\/ORCID_iD.svg_-150x150.png\" alt=\"\" width=\"20\" height=\"20\" \/>ORCiD: <a href=\"https:\/\/orcid.org\/0000-0002-1421-7177\" target=\"_blank\" rel=\"noopener\">0000-0002-1421-7177<\/a><\/p>\n<p><img loading=\"lazy\" decoding=\"async\" class=\"alignleft wp-image-168\" src=\"http:\/\/kbai.ekf.tuke.sk\/wp-content\/uploads\/2023\/02\/1200px-ResearchGate_icon_SVG.svg_-150x150.png\" alt=\"\" width=\"20\" height=\"20\" \/>ResearchGate: <a href=\"https:\/\/www.researchgate.net\/profile\/Michal-Soltes-2\" target=\"_blank\" rel=\"noopener\">Michal \u0160olt\u00e9s<\/a><\/p>\n<p><img loading=\"lazy\" decoding=\"async\" class=\"alignleft wp-image-167\" src=\"http:\/\/kbai.ekf.tuke.sk\/wp-content\/uploads\/2023\/02\/1024px-Google_Scholar_logo.svg_-150x150.png\" alt=\"\" width=\"20\" height=\"20\" \/>Google Scholar: <a href=\"https:\/\/scholar.google.com\/citations?hl=en&amp;user=8-NZNfoAAAAJ\" target=\"_blank\" rel=\"noopener\">Michal \u0160olt\u00e9s<\/a><\/td>\n<\/tr>\n<\/tbody>\n<\/table>\n<\/div>\n<\/div>\n<h5 id=\"pedagogicka-cinnost\" class=\"has-text-align-center\">Pedagogick\u00e1 \u010dinnos\u0165<\/h5>\n<div class=\"is-layout-flex wp-container-7 wp-block-columns\">\n<div class=\"is-layout-flow wp-block-column\">\n<ul>\n<li>Finan\u010dn\u00e9 investovanie (Bc. FBI)<\/li>\n<li>Pois\u0165ovn\u00edctvo (Ing. FBI)<\/li>\n<li>Diskusn\u00fd semin\u00e1r (Ing. FBI)<\/li>\n<li>Financie a pe\u0148a\u017en\u00edctvo (PhD. Financie)<\/li>\n<\/ul>\n<\/div>\n<\/div>\n<hr class=\"wp-block-separator\" \/>\n<h5 id=\"vedecko-vyskumna-cinnost\" class=\"has-text-align-center\">Vedecko-v\u00fdskumn\u00e1 \u010dinnos\u0165<\/h5>\n<p class=\"has-text-align-center\"><strong><em>V\u00fdskumn\u00e9 projekty &#8211; dom\u00e1ce<\/em><\/strong><\/p>\n<ul>\n<li>VEGA \u010d. 1\/2621\/05: Modelovanie rozhodovac\u00edch procesov v podmienkach neistoty \u2013 re\u00e1lne opcie, \u010dlen rie\u0161ite\u013esk\u00e9ho kolekt\u00edvu.<\/li>\n<li>VEGA \u010d. 1\/0810\/08: Trendy rozvoja trhu finan\u010dn\u00fdch deriv\u00e1tov SR v kontexte vstupu SR do Euroz\u00f3ny (TROFIDER), zodpovedn\u00fd rie\u0161ite\u013e.<\/li>\n<li>VEGA \u010d. 1\/0897\/10: Meranie a riadenie \u00farokov\u00e9ho rizika (IntRate-RiskMetrics), \u010dlen rie\u0161ite\u013esk\u00e9ho kolekt\u00edvu.<\/li>\n<li>VEGA \u010d. 2\/0004\/12: Paradigmy bud\u00facich zmien v 21. storo\u010d\u00ed (geopolitick\u00e9, ekonomick\u00e9 a kult\u00farne aspekty), \u010dlen rie\u0161ite\u013esk\u00e9ho kolekt\u00edvu.<\/li>\n<li>VEGA \u010d. 1\/0271\/13: Modelovanie alternat\u00edvneho transferu rizika v procese poistenia, \u010dlen rie\u0161ite\u013esk\u00e9ho kolekt\u00edvu.<\/li>\n<\/ul>\n<p class=\"has-text-align-center\"><strong><em>V\u00fdskumn\u00e9 projekty &#8211; medzin\u00e1rodn\u00e9<\/em><\/strong><\/p>\n<ul>\n<li>V\u00fdskumn\u00fd projekt EkF TUKE \u2013 GESITI\/HOSPITALS 2013-2015.<\/li>\n<li>Projekt CentraLab &#8211; \u201eCentral European Living Lab for Territorial Innovation Project\u201d Nr.: 3CE400P1.<\/li>\n<li>\u201eEuropean Entrepreneurship Education (EEE)\u201c. Erasmus Moduc Project.<\/li>\n<li>\u201eFinance, Logistic and Production Integration Domain (FLUID-WIN)\u201c. IST FP5 Project.<\/li>\n<li>\u201eEMU and EU accession countries\u201c, No 2001-1678\/001 \u2013 001 CEN CENRE.<\/li>\n<li>\u201eProviding Innovative Service Models and Assessment (PRISMA)\u201c. IST FP5 Project, 2001-2003.<\/li>\n<li>\u201eEU Integration and the Prospects for Catch-Up Development in CEECs. The Determinants of the Productivity Gap (Productivity Gap)&#8220;. FP5 Project, 2001-2004.<\/li>\n<\/ul>\n<hr class=\"wp-block-separator\" \/>\n<h5 id=\"publikacna-cinnost\" class=\"has-text-align-center\">Publika\u010dn\u00e1 \u010dinnos\u0165<\/h5>\n<div class=\"is-layout-flow wp-block-group\">\n<div class=\"wp-block-group__inner-container\">\n<p class=\"has-text-align-center\"><strong><em>Najv\u00fdznamnej\u0161ie publik\u00e1cie<\/em><\/strong><\/p>\n<ul>\n<li>\n<div class=\"gs_citr\" tabindex=\"0\"><strong><span class=\"font-weight-bold\">Innovative Capacity and Performance of Transition Economies: Comparative Study at the Level of Enterprises<\/span><\/strong> \/ Zsuzsanna K. Szabo, Michal \u0160olt\u00e9s, Emilia Herman &#8211; 2013. In: E+M Ekonomie a Management. Vol. 16, no. 1 (2013), p. 52-68. &#8211; ISSN 1212-3609.<\/div>\n<\/li>\n<li><strong><span class=\"font-weight-bold\">Innovation in Alternative Forms of Investments<\/span> <\/strong>\/ M. \u0160olt\u00e9s, L. Pinka Sp\u00f4sob pr\u00edstupu: <a class=\"ng-star-inserted\" href=\"http:\/\/pjms.zim.pcz.pl\/PDF\/PJMS111\/Innovation%20in%20Alternative%20Forms%20of%20Investments.pdf\" target=\"_blank\" rel=\"noopener\">http:\/\/pjms.zim.pcz.pl\/PDF\/PJMS111\/Innovation%20in%20Alternative%20Forms%20of%20Investments.pdf&#8230;<\/a> &#8211; 2015. In: Polish Journal of Management Studies. Vol. 11, no. 1 (2015), p. 168-178. &#8211; ISSN 2081-7452.<\/li>\n<li><strong><span class=\"font-weight-bold\">Quantification and comparison of avoidable mortality \u2013 causal relations and modification of concepts<\/span><\/strong> \/ Michal \u0160olt\u00e9s, Be\u00e1ta Gavurov\u00e1 Sp\u00f4sob pr\u00edstupu: <a class=\"ng-star-inserted\" href=\"http:\/\/www.tandfonline.com\/doi\/abs\/10.3846\/20294913.2015.1106421\" target=\"_blank\" rel=\"noopener\">http:\/\/www.tandfonline.com\/doi\/abs\/10.3846\/20294913.2015.1106421&#8230;<\/a> &#8211; 2015. In: Technological and Economic Development of Economy. Vol. 21, no. 6 (2015), p. 917-938. &#8211; ISSN 2029-4913.<\/li>\n<li><strong><span class=\"font-weight-bold\">Gold price risk management through Nova 3 option strategy created by barrier options<\/span><\/strong> \/ Michal \u0160olt\u00e9s, Monika Har\u010darikov\u00e1 &#8211; 2016. In: Investment Management and Financial Innovations. Vol. 13, no. 1 (2016), p. 49-60. &#8211; ISSN 1810-4967.<\/li>\n<li><strong><span class=\"font-weight-bold\">Risk Management in Energy Sector Using Short Call Ladder Strategy<\/span><\/strong> \/ Monika Har\u010darikov\u00e1, Michal \u0160olt\u00e9s &#8211; 2016. In: Montenegrin Journal of Economics. &#8211; 2016 Vol. 12, no. 3 (2016), p. 39-54. &#8211; ISSN 1800-5845.<\/li>\n<li><strong><span class=\"font-weight-bold\">Economic aspects of social services development in Slovakia in the context of demographic changes<\/span><\/strong> \/ Be\u00e1ta Gavurov\u00e1, Michal \u0160olt\u00e9s Sp\u00f4sob pr\u00edstupu: <a class=\"ng-star-inserted\" href=\"https:\/\/download.upce.cz\/fes\/scipap\/SciPap_37.pdf\" target=\"_blank\" rel=\"noopener\">https:\/\/download.upce.cz\/fes\/scipap\/SciPap_37.pdf&#8230;<\/a> &#8211; 2016. In: Scientific Papers of the University of Pardubice. Vol. 37, no. 2 (2016), p. 14-25. &#8211; ISSN 1211-555X.<\/li>\n<li><strong><span class=\"font-weight-bold\">Stock indices and their role in prediction Czech and Slovak business cycle<\/span><\/strong> \/ Andrea Tk\u00e1\u010dov\u00e1, Michal \u0160olt\u00e9s &#8211; 2016. In: Journal of Applied Economic Sciences. Vol. 11, no. 4 (2016), p. 685-697. &#8211; ISSN 1843-6110.<\/li>\n<li><strong><span class=\"font-weight-bold\">Using Markov Chains in the Social Security System<\/span><\/strong> \/ Michal \u0160olt\u00e9s, Lea \u0160krov\u00e1nkov\u00e1, J\u00e1n Buleca Sp\u00f4sob pr\u00edstupu: <a class=\"ng-star-inserted\" href=\"http:\/\/www.ecocyb.ase.ro\/nr2017_1\/14 - Michal Soltes, Lea Skrovankova(T).pdf\" target=\"_blank\" rel=\"noopener\">http:\/\/www.ecocyb.ase.ro\/nr2017_1\/14 &#8211; Michal Soltes, Lea Skrovankova(T).pdf&#8230;<\/a> &#8211; 2017. In: Economic Computation and Economic Cybernetics Studies and Research. Vol. 51, no. 1 (2017), p. 223-232. &#8211; ISSN 0424-267X.<\/li>\n<li><strong><span class=\"font-weight-bold\">Application of cluster analysis in the process of competitiveness modelling of Slovak Republic regions<\/span><\/strong> \/ Beata Gavurova, Michal Soltes, Viliam Kovac &#8211; 2017. In: Transformations in Business and Economics. Vol. 16, no. 3 (2017), p. 129-147. &#8211; ISSN 1648-4460.<\/li>\n<li><strong><span class=\"font-weight-bold\">Managing the equity risk using Short Put Ladder strategy by barrier options<\/span><\/strong> \/ Monika Timkov\u00e1, Michal \u0160olt\u00e9s Sp\u00f4sob pr\u00edstupu: <a class=\"ng-star-inserted\" href=\"https:\/\/businessperspectives.org\/journals\/investment-management-and-financial-innovations\/issue-334\/managing-the-equity-risk-using-short-put-ladder-strategy-by-barrier-options\" target=\"_blank\" rel=\"noopener\">https:\/\/businessperspectives.org\/journals\/investment-management-and-financial-innovations\/issue-334\/&#8230;<\/a> &#8211; 2019. In: Investment Management and Financial Innovations. &#8211; Sumy (Ukrajina) : Business Perspectives Ro\u010d. 16, \u010d. 4 (2019), s. 133-145 [print]. &#8211; ISSN 1810-4967.<\/li>\n<li><strong><span class=\"font-weight-bold\">Private Equity Determinants In European Union<\/span> <\/strong>\/ Tom\u00e1\u0161 \u0160tofa, Michal \u0160olt\u00e9s Sp\u00f4sob pr\u00edstupu: <a class=\"ng-star-inserted\" href=\"https:\/\/doi.org\/10.14254\/1800-5845\/2020.16-2.10\" target=\"_blank\" rel=\"noopener\">https:\/\/doi.org\/10.14254\/1800-5845\/2020.16-2.10&#8230;<\/a> &#8211; 2020. In: Montenegrin Journal of Economics. &#8211; Podgorica (\u010cierna Hora) : ELIT &#8211; Economic Laboratory for Transition Research, 2005 Ro\u010d. 16, \u010d. 2 (2020), s. 131-141 [print, online]. &#8211; ISSN 1800-5845.<\/li>\n<li><strong><span class=\"font-weight-bold\">Exploration of the Factors that Influence the Implementation of Environmental Management Systems-The Case of Slovakia<\/span> <\/strong>\/ Eva Petrov\u00e1, Tom\u00e1\u0161 \u0160tofa, Michal \u0160olt\u00e9s Sp\u00f4sob pr\u00edstupu: <a class=\"ng-star-inserted\" href=\"https:\/\/doi.org\/10.3390\/economies9020068\" target=\"_blank\" rel=\"noopener\">https:\/\/doi.org\/10.3390\/economies9020068&#8230;<\/a> &#8211; 2021. In: Economies. &#8211; Bazilej (\u0160vaj\u010diarsko) : Multidisciplinary Digital Publishing Institute Ro\u010d. 9, \u010d. 2 (2021), s. [1-14] . &#8211; ISSN 2227-7099.<\/li>\n<\/ul>\n<\/div>\n<\/div>\n","protected":false},"excerpt":{"rendered":"<p>docent Web of Science ResearcherID: AAA-5822-2020 Scopus ID: 23096300300 ORCiD: 0000-0002-1421-7177 ResearchGate: Michal \u0160olt\u00e9s Google Scholar: Michal \u0160olt\u00e9s Pedagogick\u00e1 \u010dinnos\u0165 Finan\u010dn\u00e9 investovanie (Bc. FBI) Pois\u0165ovn\u00edctvo&hellip;<\/p>\n","protected":false},"author":1,"featured_media":0,"parent":105,"menu_order":6,"comment_status":"closed","ping_status":"closed","template":"","meta":{"footnotes":""},"class_list":["post-351","page","type-page","status-publish","hentry","no-post-thumbnail"],"_links":{"self":[{"href":"https:\/\/kbai.ekf.tuke.sk\/index.php\/wp-json\/wp\/v2\/pages\/351","targetHints":{"allow":["GET"]}}],"collection":[{"href":"https:\/\/kbai.ekf.tuke.sk\/index.php\/wp-json\/wp\/v2\/pages"}],"about":[{"href":"https:\/\/kbai.ekf.tuke.sk\/index.php\/wp-json\/wp\/v2\/types\/page"}],"author":[{"embeddable":true,"href":"https:\/\/kbai.ekf.tuke.sk\/index.php\/wp-json\/wp\/v2\/users\/1"}],"replies":[{"embeddable":true,"href":"https:\/\/kbai.ekf.tuke.sk\/index.php\/wp-json\/wp\/v2\/comments?post=351"}],"version-history":[{"count":9,"href":"https:\/\/kbai.ekf.tuke.sk\/index.php\/wp-json\/wp\/v2\/pages\/351\/revisions"}],"predecessor-version":[{"id":671,"href":"https:\/\/kbai.ekf.tuke.sk\/index.php\/wp-json\/wp\/v2\/pages\/351\/revisions\/671"}],"up":[{"embeddable":true,"href":"https:\/\/kbai.ekf.tuke.sk\/index.php\/wp-json\/wp\/v2\/pages\/105"}],"wp:attachment":[{"href":"https:\/\/kbai.ekf.tuke.sk\/index.php\/wp-json\/wp\/v2\/media?parent=351"}],"curies":[{"name":"wp","href":"https:\/\/api.w.org\/{rel}","templated":true}]}}