{"id":110,"date":"2023-02-08T06:52:34","date_gmt":"2023-02-08T06:52:34","guid":{"rendered":"http:\/\/www4.ekf.tuke.sk\/kbai\/?page_id=110"},"modified":"2023-04-11T10:49:58","modified_gmt":"2023-04-11T10:49:58","slug":"informacna-podpora","status":"publish","type":"page","link":"https:\/\/kbai.ekf.tuke.sk\/index.php\/pre-studentov\/informacna-podpora\/","title":{"rendered":"Informa\u010dn\u00e1 podpora"},"content":{"rendered":"<p><strong>Informa\u010dn\u00e1 podpora pre \u0161tudentov:<\/strong><\/p>\n<ul>\n<li style=\"list-style-type: none;\">\n<ul>\n<li><a href=\"https:\/\/mais.tuke.sk\/\" target=\"_blank\" rel=\"noopener\">MAIS<\/a><\/li>\n<li><a href=\"https:\/\/sts.ad.tuke.sk\/adfs\/ls\/?client-request-id=e97a7215-92eb-0ce9-76b2-68c9a4d7bf51&amp;username=&amp;wa=wsignin1.0&amp;wtrealm=urn%3afederation%3aMicrosoftOnline&amp;wctx=estsredirect%3d2%26estsrequest%3drQQIARAAjZHPb9JQAMf7KKv8mI6YmHg0iydj2_daWlriDgUGbCswGLDhZamlT7CDBy1lwF_gySweNJk344l4MMSD7qJXd1g4ucTEZMdtxmTRy-LJLV487nP45Hv-fO_RiEPxu_AfAntpFmKMWNO6XP_h3AxFbjmjkx_PT2b7k8aXN4efirsgZNS5nmdbnGuPwXyj1-u4cZ4nXm-LEJsjGDdNS5QlziQtnmwb_AcApgAcAzD2xWRRQbICJajAqCAKihrjLEmSMDajrCQKMTZqWiarCo8gaxmWGjWxoEITffPNFTSv1xAuRZzmyPrlC2LitDY7xO3t0iRleoN0TXuc0hIlqGXMhNZMJJeGqVy5WEl7nRGuriqyEjVqyEArmmtUNh9WokhOkEU909ArVR0WYaJVzyZrfV0vbBtZL2mvKa7iaulsl1XWnS6bxX2n3bb0PlvMjekr9ZvQzEWEFmnv0wzpWO1mfeoHR35w6p-FdDwQCEWo29Qd6twPXs9cpH7wdhJG7_5oL8Mv3h9-_U3tz_CqnIHWmoA2qktQrIt5ubQ8NFb4XJdA09VrfbvUSJOMtzVw4IIQRzsM2GGYPSYYoCPUPJ1cRccMOGPA02vUXvAKV03D4PN16vzGs1ffPx4dHPzMns7dtxfxsCZ2yxsjrdzmq6quyKra7BSedAf5BG7h9WU7n-mmcKoMF_4C0\" target=\"_blank\" rel=\"noopener\">Po\u0161ta<\/a><\/li>\n<li><a href=\"https:\/\/www.lib.tuke.sk\/#\/dashboard\" target=\"_blank\" rel=\"noopener\">Kni\u017enica<\/a><\/li>\n<li><a href=\"https:\/\/ebooks.lib.tuke.sk\/login\" target=\"_blank\" rel=\"noopener\">Ebooks<\/a><\/li>\n<li><a href=\"https:\/\/portal.lib.tuke.sk\/#\/login\" target=\"_blank\" rel=\"noopener\">Port\u00e1l z\u00e1vere\u010dn\u00fdch pr\u00e1c<\/a><\/li>\n<li><a href=\"https:\/\/moodle.ekf.tuke.sk\/\" target=\"_blank\" rel=\"noopener\">LMS moodle &#8211; denn\u00e9 \u0161t\u00fadium<\/a><\/li>\n<li><a href=\"https:\/\/www.km.ekf.tuke.sk\/\" target=\"_blank\" rel=\"noopener\">LMS moodle &#8211; extern\u00e9 \u0161t\u00fadium<\/a><\/li>\n<li><a href=\"https:\/\/zoznam.tuke.sk\/\" target=\"_blank\" rel=\"noopener\">Telef\u00f3nny zoznam TUKE<\/a><\/li>\n<li><a href=\"https:\/\/uvt.tuke.sk\/wps\/portal\/uv\/sluzby\/bezdrotove-siete-wifi-na-tuke\" target=\"_blank\" rel=\"noopener\">Bezdr\u00f4tov\u00e9 siete &#8211; Wifi na TUKE<\/a><\/li>\n<li><a href=\"https:\/\/uvt.tuke.sk\/wps\/portal\/uv\/sluzby\/vzdialeny-pristup-vpn\" target=\"_blank\" rel=\"noopener\">Vzdialen\u00fd pr\u00edstup do TUKE siete pomocou check point VPN<\/a><\/li>\n<\/ul>\n<\/li>\n<\/ul>\n<p><strong>U\u017eito\u010dn\u00e9 linky:<\/strong><\/p>\n<ul>\n<li style=\"list-style-type: none;\">\n<ul>\n<li><a href=\"https:\/\/icube.tuke.sk\/wps\/portal\" target=\"blank\" rel=\"noopener noreferrer\">\u0160tudentsk\u00e9 informa\u010dn\u00e9 a poradensk\u00e9 centrum<\/a><\/li>\n<li><a href=\"https:\/\/sdaj.tuke.sk\/\" target=\"blank\" rel=\"noopener noreferrer\">\u0160tudentsk\u00e9 domovy a jed\u00e1lne<\/a><\/li>\n<li><a href=\"https:\/\/www.facebook.com\/ekftuke\/\" target=\"_blank\" rel=\"noopener\">Facebook Ekonomickej fakulty TUKE<\/a><\/li>\n<\/ul>\n<\/li>\n<\/ul>\n","protected":false},"excerpt":{"rendered":"<p>Informa\u010dn\u00e1 podpora pre \u0161tudentov: MAIS Po\u0161ta Kni\u017enica Ebooks Port\u00e1l z\u00e1vere\u010dn\u00fdch pr\u00e1c LMS moodle &#8211; denn\u00e9 \u0161t\u00fadium LMS moodle &#8211; extern\u00e9 \u0161t\u00fadium Telef\u00f3nny zoznam TUKE Bezdr\u00f4tov\u00e9&hellip;<\/p>\n","protected":false},"author":1,"featured_media":0,"parent":107,"menu_order":2,"comment_status":"closed","ping_status":"closed","template":"","meta":{"footnotes":""},"class_list":["post-110","page","type-page","status-publish","hentry","no-post-thumbnail"],"_links":{"self":[{"href":"https:\/\/kbai.ekf.tuke.sk\/index.php\/wp-json\/wp\/v2\/pages\/110","targetHints":{"allow":["GET"]}}],"collection":[{"href":"https:\/\/kbai.ekf.tuke.sk\/index.php\/wp-json\/wp\/v2\/pages"}],"about":[{"href":"https:\/\/kbai.ekf.tuke.sk\/index.php\/wp-json\/wp\/v2\/types\/page"}],"author":[{"embeddable":true,"href":"https:\/\/kbai.ekf.tuke.sk\/index.php\/wp-json\/wp\/v2\/users\/1"}],"replies":[{"embeddable":true,"href":"https:\/\/kbai.ekf.tuke.sk\/index.php\/wp-json\/wp\/v2\/comments?post=110"}],"version-history":[{"count":18,"href":"https:\/\/kbai.ekf.tuke.sk\/index.php\/wp-json\/wp\/v2\/pages\/110\/revisions"}],"predecessor-version":[{"id":477,"href":"https:\/\/kbai.ekf.tuke.sk\/index.php\/wp-json\/wp\/v2\/pages\/110\/revisions\/477"}],"up":[{"embeddable":true,"href":"https:\/\/kbai.ekf.tuke.sk\/index.php\/wp-json\/wp\/v2\/pages\/107"}],"wp:attachment":[{"href":"https:\/\/kbai.ekf.tuke.sk\/index.php\/wp-json\/wp\/v2\/media?parent=110"}],"curies":[{"name":"wp","href":"https:\/\/api.w.org\/{rel}","templated":true}]}}