{"id":109,"date":"2023-02-08T06:52:34","date_gmt":"2023-02-08T06:52:34","guid":{"rendered":"http:\/\/www4.ekf.tuke.sk\/kbai\/?page_id=109"},"modified":"2023-11-14T07:42:30","modified_gmt":"2023-11-14T07:42:30","slug":"predmety-garantovane-katedrou","status":"publish","type":"page","link":"https:\/\/kbai.ekf.tuke.sk\/index.php\/pre-studentov\/predmety-garantovane-katedrou\/","title":{"rendered":"Predmety garantovan\u00e9 katedrou"},"content":{"rendered":"<h2>Predmety garantovan\u00e9 katedrou<\/h2>\n<table style=\"width: 119.807%;\">\n<tbody>\n<tr>\n<th style=\"width: 9.38907%;\" bgcolor=\"#d42fa5\"><span style=\"color: white;\">\u0160t\u00fadojn\u00fd program <\/span><\/th>\n<th style=\"width: 10.647%; text-align: center;\" bgcolor=\"#d42fa5\"><span style=\"color: white;\">Obodbie \u0161t\u00fadia <\/span><\/th>\n<th style=\"width: 8.8118%; text-align: center;\" bgcolor=\"#d42fa5\"><span style=\"color: white;\">K\u00f3d predmetu <\/span><\/th>\n<th style=\"width: 30.9932%;\" bgcolor=\"#d42fa5\"><span style=\"color: white;\">N\u00e1zov predmetu <\/span><\/th>\n<th style=\"width: 33.8623%;\" bgcolor=\"#d42fa5\"><span style=\"color: white;\">Zabezpe\u010duje <\/span><\/th>\n<th style=\"width: 5.91075%; text-align: center;\" bgcolor=\"#d42fa5\"><span style=\"color: white;\">Typ <\/span><\/th>\n<\/tr>\n<tr>\n<td style=\"width: 9.38907%; text-align: left;\" align=\"center\">FBI_Bc_D_sk<\/td>\n<td style=\"width: 10.647%;\" align=\"center\">2. rok ZS<\/td>\n<td style=\"width: 8.8118%;\" align=\"center\">2401821<\/td>\n<td style=\"width: 30.9932%;\"><a href=\"http:\/\/kbai.ekf.tuke.sk\/wp-content\/uploads\/2023\/02\/B.pdf\" target=\"_blank\" rel=\"noopener\">Bankovn\u00edctvo<\/a><\/td>\n<td style=\"width: 33.8623%;\">Predn\u00e1\u0161ka: doc. Ing. Krist\u00edna Ko\u010di\u0161ov\u00e1, PhD.,<\/p>\n<p>Semin\u00e1r: Ing. Adriana Novotn\u00e1, PhD.<\/td>\n<td style=\"width: 5.91075%;\" align=\"center\">P<\/td>\n<\/tr>\n<tr>\n<td style=\"width: 9.38907%; text-align: left;\" align=\"center\">FBI_Bc_D_sk<\/td>\n<td style=\"width: 10.647%;\" align=\"center\">2. rok LS<\/td>\n<td style=\"width: 8.8118%;\" align=\"center\">2404781<\/td>\n<td style=\"width: 30.9932%;\"><a href=\"http:\/\/kbai.ekf.tuke.sk\/wp-content\/uploads\/2023\/02\/CB.pdf\" target=\"_blank\" rel=\"noopener\">Centr\u00e1lne bankovn\u00edctvo<\/a><\/td>\n<td style=\"width: 33.8623%;\">Predn\u00e1\u0161ka: doc. Ing. Krist\u00edna Ko\u010di\u0161ov\u00e1, PhD.,<\/p>\n<p>Semin\u00e1r: Ing. Adriana Novotn\u00e1, PhD., Ing. Jakub Sopko, PhD.<\/td>\n<td style=\"width: 5.91075%;\" align=\"center\">P<\/td>\n<\/tr>\n<tr>\n<td style=\"width: 9.38907%; text-align: left;\" align=\"center\">FBI_Bc_D_sk<\/td>\n<td style=\"width: 10.647%;\" align=\"center\">2. rok LS<\/td>\n<td style=\"width: 8.8118%;\" align=\"center\">2406583<\/td>\n<td style=\"width: 30.9932%;\">Oce\u0148ovanie podnikov<\/td>\n<td style=\"width: 33.8623%;\">Semin\u00e1r: doc. Ing. Jozef Glova, PhD.<\/td>\n<td style=\"width: 5.91075%;\" align=\"center\">PV<\/td>\n<\/tr>\n<tr>\n<td style=\"width: 9.38907%; text-align: left;\" align=\"center\">FBI_Bc_D_sk<\/td>\n<td style=\"width: 10.647%;\" align=\"center\">2. rok LS<\/td>\n<td style=\"width: 8.8118%;\" align=\"center\">35000034<\/td>\n<td style=\"width: 30.9932%;\"><a href=\"http:\/\/kbai.ekf.tuke.sk\/wp-content\/uploads\/2023\/02\/PS.pdf\" target=\"_blank\" rel=\"noopener\">Platobn\u00fd styk<\/a><\/td>\n<td style=\"width: 33.8623%;\">Semin\u00e1r: doc. Ing. Krist\u00edna Ko\u010di\u0161ov\u00e1, PhD.<\/td>\n<td style=\"width: 5.91075%;\" align=\"center\">PV<\/td>\n<\/tr>\n<tr>\n<td style=\"width: 9.38907%; text-align: left;\" align=\"center\">FBI_Bc_D_sk<\/td>\n<td style=\"width: 10.647%;\" align=\"center\">3. rok ZS<\/td>\n<td style=\"width: 8.8118%;\" align=\"center\">2401471<\/td>\n<td style=\"width: 30.9932%;\">Finan\u010dn\u00e9 investovanie<\/td>\n<td style=\"width: 33.8623%;\">Predn\u00e1\u0161ka: doc. Ing. Michal \u0160olt\u00e9s, PhD.<\/p>\n<p>Semin\u00e1r: Ing. \u013dudmila Pavl\u00edkov\u00e1, PhD., Ing. Leo\u0161 \u0160af\u00e1r, PhD., MBA<\/td>\n<td style=\"width: 5.91075%;\" align=\"center\">P<\/td>\n<\/tr>\n<tr>\n<td style=\"width: 9.38907%; text-align: left;\" align=\"center\">FBI_Bc_D_sk<\/td>\n<td style=\"width: 10.647%;\" align=\"center\">3. rok LS<\/td>\n<td style=\"width: 8.8118%;\" align=\"center\">35000133<\/td>\n<td style=\"width: 30.9932%;\"><a href=\"http:\/\/kbai.ekf.tuke.sk\/wp-content\/uploads\/2023\/02\/VMAB.pdf\" target=\"_blank\" rel=\"noopener\">Vybran\u00e9 modely a anal\u00fdzy v bankovn\u00edctve<\/a><\/td>\n<td style=\"width: 33.8623%;\">Semin\u00e1r: doc. Ing. Krist\u00edna Ko\u010di\u0161ov\u00e1, PhD.<\/td>\n<td style=\"width: 5.91075%;\" align=\"center\">PV<\/td>\n<\/tr>\n<tr>\n<td style=\"width: 9.38907%; text-align: left;\" align=\"center\">FBI_Ing_D_sk<\/td>\n<td style=\"width: 10.647%;\" align=\"center\">1. rok ZS<\/td>\n<td style=\"width: 8.8118%;\" align=\"center\">35000174<\/td>\n<td style=\"width: 30.9932%;\">Anal\u00fdza portf\u00f3lia<\/td>\n<td style=\"width: 33.8623%;\">Predn\u00e1\u0161ka: doc. Ing. Jozef Glova, PhD.<\/p>\n<p>Semin\u00e1r: Ing. \u013dudmila Pavl\u00edkov\u00e1, PhD., Ing. Leo\u0161 \u0160af\u00e1r, PhD., MBA<\/td>\n<td style=\"width: 5.91075%;\" align=\"center\">P<\/td>\n<\/tr>\n<tr>\n<td style=\"width: 9.38907%; text-align: left;\" align=\"center\">FBI_Ing_D_sk<\/td>\n<td style=\"width: 10.647%;\" align=\"center\">1. rok ZS<\/td>\n<td style=\"width: 8.8118%;\" align=\"center\">35000173<\/td>\n<td style=\"width: 30.9932%;\">Technick\u00e1 anal\u00fdza<\/td>\n<td style=\"width: 33.8623%;\">Predn\u00e1\u0161ka: Ing. Radovan Dr\u00e1b, PhD.<\/p>\n<p>Semin\u00e1r: Ing. Radovan Dr\u00e1b, PhD., Ing. Tom\u00e1\u0161 \u0160tofa, PhD.<\/td>\n<td style=\"width: 5.91075%;\" align=\"center\">P<\/td>\n<\/tr>\n<tr>\n<td style=\"width: 9.38907%; text-align: left;\" align=\"center\">FBI_Ing_D_sk<\/td>\n<td style=\"width: 10.647%;\" align=\"center\">1. rok ZS<\/td>\n<td style=\"width: 8.8118%;\" align=\"center\">35000170<\/td>\n<td style=\"width: 30.9932%;\"><a href=\"http:\/\/kbai.ekf.tuke.sk\/wp-content\/uploads\/2023\/02\/MBO.pdf\" target=\"_blank\" rel=\"noopener\">Mana\u017ement bankov\u00fdch oper\u00e1ci\u00ed<\/a><\/td>\n<td style=\"width: 33.8623%;\">Predn\u00e1\u0161ka: doc. Ing. Krist\u00edna Ko\u010di\u0161ov\u00e1, PhD.<\/p>\n<p>Semin\u00e1r: Ing. Jakub Sopko, PhD.<\/td>\n<td style=\"width: 5.91075%;\" align=\"center\">P<\/td>\n<\/tr>\n<tr>\n<td style=\"width: 9.38907%; text-align: left;\" align=\"center\">FBI_Ing_D_sk<\/td>\n<td style=\"width: 10.647%;\" align=\"center\">1. rok ZS<\/td>\n<td style=\"width: 8.8118%;\" align=\"center\">35000176<\/td>\n<td style=\"width: 30.9932%;\">SAP Pou\u017e\u00edvate\u013e 1<\/td>\n<td style=\"width: 33.8623%;\">Semin\u00e1r: Ing. Tom\u00e1\u0161 \u0160tofa, PhD.<\/td>\n<td style=\"width: 5.91075%;\" align=\"center\">PV<\/td>\n<\/tr>\n<tr>\n<td style=\"width: 9.38907%; text-align: left;\" align=\"center\">FBI_Ing_D_sk<\/td>\n<td style=\"width: 10.647%;\" align=\"center\">1. rok LS<\/td>\n<td style=\"width: 8.8118%;\" align=\"center\">35000172<\/td>\n<td style=\"width: 30.9932%;\">Riziko a neistota vo financi\u00e1ch<\/td>\n<td style=\"width: 33.8623%;\">Predn\u00e1\u0161ka: doc. Ing. Eduard Baum\u00f6hl, PhD.<\/p>\n<p>Semin\u00e1r: Ing. Jakub Sopko, PhD., Ing. Adriana Novotn\u00e1, PhD.<\/td>\n<td style=\"width: 5.91075%;\" align=\"center\">P<\/td>\n<\/tr>\n<tr>\n<td style=\"width: 9.38907%; text-align: left;\" align=\"center\">FBI_Ing_D_sk<\/td>\n<td style=\"width: 10.647%;\" align=\"center\">1. rok LS<\/td>\n<td style=\"width: 8.8118%;\" align=\"center\">35000175<\/td>\n<td style=\"width: 30.9932%;\">Pois\u0165ovn\u00edctvo<\/td>\n<td style=\"width: 33.8623%;\">Predn\u00e1\u0161ka: doc. Ing. Michal \u0160olt\u00e9s, PhD.<\/p>\n<p>Semin\u00e1r: Ing. \u013dudmila Pavl\u00edkov\u00e1, PhD.<\/td>\n<td style=\"width: 5.91075%;\" align=\"center\">P<\/td>\n<\/tr>\n<tr>\n<td style=\"width: 9.38907%; text-align: left;\" align=\"center\">FBI_Ing_D_sk<\/td>\n<td style=\"width: 10.647%;\" align=\"center\">1. rok LS<\/td>\n<td style=\"width: 8.8118%;\" align=\"center\">35000171<\/td>\n<td style=\"width: 30.9932%;\">Oce\u0148ovanie investi\u010dn\u00fdch z\u00e1merov<\/td>\n<td style=\"width: 33.8623%;\">Predn\u00e1\u0161ka: doc. Ing. Jozef Glova, PhD.<\/p>\n<p>Semin\u00e1r: Ing. Leo\u0161 \u0160af\u00e1r, PhD., MBA<\/td>\n<td style=\"width: 5.91075%;\" align=\"center\">P<\/td>\n<\/tr>\n<tr>\n<td style=\"width: 9.38907%; text-align: left;\" align=\"center\">FBI_Ing_D_sk<\/td>\n<td style=\"width: 10.647%;\" align=\"center\">1. rok LS<\/td>\n<td style=\"width: 8.8118%;\" align=\"center\">35000178<\/td>\n<td style=\"width: 30.9932%;\">SAP Pou\u017e\u00edvate\u013e 2<\/td>\n<td style=\"width: 33.8623%;\">Semin\u00e1r: Ing. Tom\u00e1\u0161 \u0160tofa, PhD.<\/td>\n<td style=\"width: 5.91075%;\" align=\"center\">PV<\/td>\n<\/tr>\n<tr>\n<td style=\"width: 9.38907%; text-align: left;\" align=\"center\">FBI_Ing_D_sk<\/td>\n<td style=\"width: 10.647%;\" align=\"center\">1. rok LS<\/td>\n<td style=\"width: 8.8118%;\" align=\"center\">35000179<\/td>\n<td style=\"width: 30.9932%;\">D\u00f4chodkov\u00e9 syst\u00e9my<\/td>\n<td style=\"width: 33.8623%;\">Semin\u00e1r: Ing. \u013dudmila Pavlikov\u00e1, PhD.<\/td>\n<td style=\"width: 5.91075%;\" align=\"center\">PV<\/td>\n<\/tr>\n<tr>\n<td style=\"width: 9.38907%; text-align: left;\" align=\"center\">FBI_Ing_D_sk<\/td>\n<td style=\"width: 10.647%;\" align=\"center\">2. rok ZS<\/td>\n<td style=\"width: 8.8118%;\" align=\"center\">35000027<\/td>\n<td style=\"width: 30.9932%;\">Finan\u010dn\u00e9 rozhodovanie<\/td>\n<td style=\"width: 33.8623%;\">Predn\u00e1\u0161ka: doc. Ing. Radoslav Delina, PhD.<\/p>\n<p>Semin\u00e1r: Ing. Radovan Dr\u00e1b, PhD.<\/td>\n<td style=\"width: 5.91075%;\" align=\"center\">P<\/td>\n<\/tr>\n<tr>\n<td style=\"width: 9.38907%; text-align: left;\" align=\"center\">FBI_Ing_D_sk<\/td>\n<td style=\"width: 10.647%;\" align=\"center\">2. rok ZS<\/td>\n<td style=\"width: 8.8118%;\" align=\"center\">35000264<\/td>\n<td style=\"width: 30.9932%;\">SAP Konzultant 1<\/td>\n<td style=\"width: 33.8623%;\">Semin\u00e1r: Ing. Tom\u00e1\u0161 \u0160tofa, PhD.<\/td>\n<td style=\"width: 5.91075%;\" align=\"center\">PV<\/td>\n<\/tr>\n<tr>\n<td style=\"width: 9.38907%; text-align: left;\" align=\"center\">FBI_Ing_D_sk<\/td>\n<td style=\"width: 10.647%;\" align=\"center\">2. rok ZS<\/td>\n<td style=\"width: 8.8118%;\" align=\"center\">35000131<\/td>\n<td style=\"width: 30.9932%;\">Diskusn\u00fd semin\u00e1r<\/td>\n<td style=\"width: 33.8623%;\">Semin\u00e1r: doc. Ing. Michal \u0160olt\u00e9s, PhD.<\/td>\n<td style=\"width: 5.91075%;\" align=\"center\">PV<\/td>\n<\/tr>\n<tr>\n<td style=\"width: 9.38907%; text-align: left;\" align=\"center\">FBI_Ing_D_sk<\/td>\n<td style=\"width: 10.647%;\" align=\"center\">2. rok LS<\/td>\n<td style=\"width: 8.8118%;\" align=\"center\">35000028<\/td>\n<td style=\"width: 30.9932%;\">Elektronick\u00e9 obchodovanie<\/td>\n<td style=\"width: 33.8623%;\">Predn\u00e1\u0161ka: doc. Ing. Radoslav Delina, PhD.<\/p>\n<p>Semin\u00e1r: Ing. Radovan Dr\u00e1b, PhD., Ing. Tom\u00e1\u0161 \u0160tofa, PhD.<\/td>\n<td style=\"width: 5.91075%;\" align=\"center\">P<\/td>\n<\/tr>\n<tr>\n<td style=\"width: 9.38907%; text-align: left;\" align=\"center\">FBI_Ing_D_sk<\/td>\n<td style=\"width: 10.647%;\" align=\"center\">2. rok LS<\/td>\n<td style=\"width: 8.8118%;\" align=\"center\">35000265<\/td>\n<td style=\"width: 30.9932%;\">SAP Konzultant 2<\/td>\n<td style=\"width: 33.8623%;\">Semin\u00e1r: Ing. Tom\u00e1\u0161 \u0160tofa, PhD.<\/td>\n<td style=\"width: 5.91075%;\" align=\"center\">PV<\/td>\n<\/tr>\n<tr>\n<td style=\"width: 9.38907%; text-align: left;\" align=\"center\">FIN_Dok_D_sk<\/td>\n<td style=\"width: 10.647%;\" align=\"center\">1. rok ZS<\/td>\n<td style=\"width: 8.8118%;\" align=\"center\">35000091<\/td>\n<td style=\"width: 30.9932%;\">Z\u00e1sady vedeckej pr\u00e1ce<\/td>\n<td style=\"width: 33.8623%;\">Zabezpe\u010duje: doc. Ing. Radoslav Delina, PhD.<\/td>\n<td style=\"width: 5.91075%;\" align=\"center\">P<\/td>\n<\/tr>\n<tr>\n<td style=\"width: 9.38907%; text-align: left;\" align=\"center\">FIN_Dok_D_sk<\/td>\n<td style=\"width: 10.647%;\" align=\"center\">1. rok LS<\/td>\n<td style=\"width: 8.8118%;\" align=\"center\">35000090<\/td>\n<td style=\"width: 30.9932%;\">Financie a pe\u0148a\u017en\u00edctvo<\/td>\n<td style=\"width: 33.8623%;\">Zabezpe\u010duje: doc. Ing. Michal \u0160olt\u00e9s, PhD.<\/td>\n<td style=\"width: 5.91075%;\" align=\"center\">P<\/td>\n<\/tr>\n<tr>\n<td style=\"width: 9.38907%; text-align: left;\" align=\"center\">FIN_Dok_D_sk<\/td>\n<td style=\"width: 10.647%;\" align=\"center\">2. rok ZS<\/td>\n<td style=\"width: 8.8118%;\" align=\"center\">35000237<\/td>\n<td style=\"width: 30.9932%;\">Meranie a riadenie finan\u010dnej v\u00fdkonnosti organiz\u00e1ci\u00ed<\/td>\n<td style=\"width: 33.8623%;\">Zabezpe\u010duje: doc. Ing. Jozef Glova, PhD.<\/td>\n<td style=\"width: 5.91075%;\" align=\"center\">PV<\/td>\n<\/tr>\n<tr>\n<td style=\"width: 9.38907%; text-align: left;\" align=\"center\">FIN_Dok_D_sk<\/td>\n<td style=\"width: 10.647%;\" align=\"center\">2. rok ZS<\/td>\n<td style=\"width: 8.8118%;\" align=\"center\">35000236<\/td>\n<td style=\"width: 30.9932%;\">Barierov\u00e9 opcie<\/td>\n<td style=\"width: 33.8623%;\">Zabezpe\u010duje: doc. Ing. Michal \u0160olt\u00e9s, PhD.<\/td>\n<td style=\"width: 5.91075%;\" align=\"center\">PV<\/td>\n<\/tr>\n<tr>\n<td style=\"width: 9.38907%; text-align: left;\" align=\"center\">FIN_Dok_D_sk<\/td>\n<td style=\"width: 10.647%;\" align=\"center\">2. rok ZS<\/td>\n<td style=\"width: 8.8118%;\" align=\"center\">35000336<\/td>\n<td style=\"width: 30.9932%;\">Pokro\u010dil\u00e9 modely a anal\u00fdzy v bankovn\u00edctve<\/td>\n<td style=\"width: 33.8623%;\">Zabezpe\u010duje: doc. Ing. Krist\u00edna Ko\u010di\u0161ov\u00e1, PhD.<\/td>\n<td style=\"width: 5.91075%;\" align=\"center\">PV<\/td>\n<\/tr>\n<tr>\n<td style=\"width: 9.38907%; text-align: left;\" align=\"center\">FIN_Dok_D_sk<\/td>\n<td style=\"width: 10.647%;\" align=\"center\">2. rok ZS<\/td>\n<td style=\"width: 8.8118%;\" align=\"center\">35000234<\/td>\n<td style=\"width: 30.9932%;\">Obchodn\u00e9 a investi\u010dn\u00e9 strat\u00e9gie<\/td>\n<td style=\"width: 33.8623%;\">Zabezpe\u010duje: doc. Ing. Michal \u0160olt\u00e9s, PhD.<\/td>\n<td style=\"width: 5.91075%;\" align=\"center\">PV<\/td>\n<\/tr>\n<tr>\n<td style=\"width: 9.38907%; text-align: left;\" align=\"center\">FIN_Dok_D_sk<\/td>\n<td style=\"width: 10.647%;\" align=\"center\">2. rok ZS<\/td>\n<td style=\"width: 8.8118%;\" align=\"center\">35000232<\/td>\n<td style=\"width: 30.9932%;\">Financie a pe\u0148a\u017en\u00edctvo<\/td>\n<td style=\"width: 33.8623%;\">Zabezpe\u010duje: doc. Ing. Radoslav Delina, PhD.<\/td>\n<td style=\"width: 5.91075%;\" align=\"center\">PV<\/td>\n<\/tr>\n<tr>\n<td style=\"width: 9.38907%;\" bgcolor=\"#d42fa5\"><\/td>\n<td style=\"width: 10.647%;\" bgcolor=\"#d42fa5\"><\/td>\n<td style=\"width: 8.8118%;\" bgcolor=\"#d42fa5\"><\/td>\n<td style=\"width: 30.9932%;\" bgcolor=\"#d42fa5\"><\/td>\n<td style=\"width: 33.8623%;\" bgcolor=\"#d42fa5\"><\/td>\n<td style=\"width: 5.91075%;\" bgcolor=\"#d42fa5\"><\/td>\n<\/tr>\n<\/tbody>\n<\/table>\n","protected":false},"excerpt":{"rendered":"<p>Predmety garantovan\u00e9 katedrou \u0160t\u00fadojn\u00fd program Obodbie \u0161t\u00fadia K\u00f3d predmetu N\u00e1zov predmetu Zabezpe\u010duje Typ FBI_Bc_D_sk 2. rok ZS 2401821 Bankovn\u00edctvo Predn\u00e1\u0161ka: doc. Ing. Krist\u00edna Ko\u010di\u0161ov\u00e1, PhD.,&hellip;<\/p>\n","protected":false},"author":1,"featured_media":0,"parent":107,"menu_order":1,"comment_status":"closed","ping_status":"closed","template":"","meta":{"footnotes":""},"class_list":["post-109","page","type-page","status-publish","hentry","no-post-thumbnail"],"_links":{"self":[{"href":"https:\/\/kbai.ekf.tuke.sk\/index.php\/wp-json\/wp\/v2\/pages\/109","targetHints":{"allow":["GET"]}}],"collection":[{"href":"https:\/\/kbai.ekf.tuke.sk\/index.php\/wp-json\/wp\/v2\/pages"}],"about":[{"href":"https:\/\/kbai.ekf.tuke.sk\/index.php\/wp-json\/wp\/v2\/types\/page"}],"author":[{"embeddable":true,"href":"https:\/\/kbai.ekf.tuke.sk\/index.php\/wp-json\/wp\/v2\/users\/1"}],"replies":[{"embeddable":true,"href":"https:\/\/kbai.ekf.tuke.sk\/index.php\/wp-json\/wp\/v2\/comments?post=109"}],"version-history":[{"count":38,"href":"https:\/\/kbai.ekf.tuke.sk\/index.php\/wp-json\/wp\/v2\/pages\/109\/revisions"}],"predecessor-version":[{"id":744,"href":"https:\/\/kbai.ekf.tuke.sk\/index.php\/wp-json\/wp\/v2\/pages\/109\/revisions\/744"}],"up":[{"embeddable":true,"href":"https:\/\/kbai.ekf.tuke.sk\/index.php\/wp-json\/wp\/v2\/pages\/107"}],"wp:attachment":[{"href":"https:\/\/kbai.ekf.tuke.sk\/index.php\/wp-json\/wp\/v2\/media?parent=109"}],"curies":[{"name":"wp","href":"https:\/\/api.w.org\/{rel}","templated":true}]}}