{"id":108,"date":"2023-02-08T06:52:34","date_gmt":"2023-02-08T06:52:34","guid":{"rendered":"http:\/\/www4.ekf.tuke.sk\/kbai\/?page_id=108"},"modified":"2023-02-09T12:22:27","modified_gmt":"2023-02-09T12:22:27","slug":"kontakt","status":"publish","type":"page","link":"https:\/\/kbai.ekf.tuke.sk\/index.php\/kontakt\/","title":{"rendered":"Kontakt"},"content":{"rendered":"<p><strong>Katedra bankovn\u00edctva a investovania<\/strong><\/p>\n<p>3. poschodie<\/p>\n<p>Technick\u00e1 univerzita v Ko\u0161iciach<\/p>\n<p>Ekonomick\u00e1 fakulta<\/p>\n<p>N\u011bmcovej 32<\/p>\n<p>040 01 Ko\u0161ice<\/p>\n<p>&nbsp;<\/p>\n<p><strong>Sekretari\u00e1t EkF TUKE<\/strong><\/p>\n<p>\u010c\u00edslo telef\u00f3nu: +421 55 602 3276<\/p>\n<p>Email: dekanat.ekf@tuke.sk<\/p>\n","protected":false},"excerpt":{"rendered":"<p>Katedra bankovn\u00edctva a investovania 3. poschodie Technick\u00e1 univerzita v Ko\u0161iciach Ekonomick\u00e1 fakulta N\u011bmcovej 32 040 01 Ko\u0161ice &nbsp; Sekretari\u00e1t EkF TUKE \u010c\u00edslo telef\u00f3nu: +421 55&hellip;<\/p>\n","protected":false},"author":1,"featured_media":0,"parent":0,"menu_order":0,"comment_status":"closed","ping_status":"closed","template":"","meta":{"footnotes":""},"class_list":["post-108","page","type-page","status-publish","hentry","no-post-thumbnail"],"_links":{"self":[{"href":"https:\/\/kbai.ekf.tuke.sk\/index.php\/wp-json\/wp\/v2\/pages\/108","targetHints":{"allow":["GET"]}}],"collection":[{"href":"https:\/\/kbai.ekf.tuke.sk\/index.php\/wp-json\/wp\/v2\/pages"}],"about":[{"href":"https:\/\/kbai.ekf.tuke.sk\/index.php\/wp-json\/wp\/v2\/types\/page"}],"author":[{"embeddable":true,"href":"https:\/\/kbai.ekf.tuke.sk\/index.php\/wp-json\/wp\/v2\/users\/1"}],"replies":[{"embeddable":true,"href":"https:\/\/kbai.ekf.tuke.sk\/index.php\/wp-json\/wp\/v2\/comments?post=108"}],"version-history":[{"count":3,"href":"https:\/\/kbai.ekf.tuke.sk\/index.php\/wp-json\/wp\/v2\/pages\/108\/revisions"}],"predecessor-version":[{"id":266,"href":"https:\/\/kbai.ekf.tuke.sk\/index.php\/wp-json\/wp\/v2\/pages\/108\/revisions\/266"}],"wp:attachment":[{"href":"https:\/\/kbai.ekf.tuke.sk\/index.php\/wp-json\/wp\/v2\/media?parent=108"}],"curies":[{"name":"wp","href":"https:\/\/api.w.org\/{rel}","templated":true}]}}