{"id":107,"date":"2023-02-08T06:52:34","date_gmt":"2023-02-08T06:52:34","guid":{"rendered":"http:\/\/www4.ekf.tuke.sk\/kbai\/?page_id=107"},"modified":"2023-11-08T20:44:39","modified_gmt":"2023-11-08T20:44:39","slug":"pre-studentov","status":"publish","type":"page","link":"https:\/\/kbai.ekf.tuke.sk\/index.php\/pre-studentov\/","title":{"rendered":"Pre \u0161tudentov"},"content":{"rendered":"\n<ul class=\"wp-block-list\">\n<li><a href=\"http:\/\/kbai.ekf.tuke.sk\/index.php\/pre-studentov\/predmety-garantovane-katedrou\/\" data-type=\"link\" data-id=\"http:\/\/kbai.ekf.tuke.sk\/index.php\/pre-studentov\/predmety-garantovane-katedrou\/\">Predmety garantovan\u00e9 katedrou<\/a><\/li>\n\n\n\n<li><a href=\"http:\/\/kbai.ekf.tuke.sk\/index.php\/pre-studentov\/pozvane-prednasky\/\">Pozvan\u00e9 predn\u00e1\u0161ky<\/a><\/li>\n\n\n\n<li><a href=\"http:\/\/kbai.ekf.tuke.sk\/index.php\/pre-studentov\/informacna-podpora\/\" data-type=\"link\" data-id=\"http:\/\/kbai.ekf.tuke.sk\/index.php\/pre-studentov\/informacna-podpora\/\">Informa\u010dn\u00e1 podpora<\/a><\/li>\n<\/ul>\n","protected":false},"excerpt":{"rendered":"","protected":false},"author":1,"featured_media":0,"parent":0,"menu_order":0,"comment_status":"closed","ping_status":"closed","template":"","meta":{"footnotes":""},"class_list":["post-107","page","type-page","status-publish","hentry","no-post-thumbnail"],"_links":{"self":[{"href":"https:\/\/kbai.ekf.tuke.sk\/index.php\/wp-json\/wp\/v2\/pages\/107","targetHints":{"allow":["GET"]}}],"collection":[{"href":"https:\/\/kbai.ekf.tuke.sk\/index.php\/wp-json\/wp\/v2\/pages"}],"about":[{"href":"https:\/\/kbai.ekf.tuke.sk\/index.php\/wp-json\/wp\/v2\/types\/page"}],"author":[{"embeddable":true,"href":"https:\/\/kbai.ekf.tuke.sk\/index.php\/wp-json\/wp\/v2\/users\/1"}],"replies":[{"embeddable":true,"href":"https:\/\/kbai.ekf.tuke.sk\/index.php\/wp-json\/wp\/v2\/comments?post=107"}],"version-history":[{"count":3,"href":"https:\/\/kbai.ekf.tuke.sk\/index.php\/wp-json\/wp\/v2\/pages\/107\/revisions"}],"predecessor-version":[{"id":709,"href":"https:\/\/kbai.ekf.tuke.sk\/index.php\/wp-json\/wp\/v2\/pages\/107\/revisions\/709"}],"wp:attachment":[{"href":"https:\/\/kbai.ekf.tuke.sk\/index.php\/wp-json\/wp\/v2\/media?parent=107"}],"curies":[{"name":"wp","href":"https:\/\/api.w.org\/{rel}","templated":true}]}}