{"id":106,"date":"2023-02-08T06:52:34","date_gmt":"2023-02-08T06:52:34","guid":{"rendered":"http:\/\/www4.ekf.tuke.sk\/kbai\/?page_id=106"},"modified":"2025-09-17T07:30:56","modified_gmt":"2025-09-17T07:30:56","slug":"studenti-doktorandskeho-studia","status":"publish","type":"page","link":"https:\/\/kbai.ekf.tuke.sk\/index.php\/o-katedre\/studenti-doktorandskeho-studia\/","title":{"rendered":"\u0160tudenti doktorandsk\u00e9ho \u0161t\u00fadia"},"content":{"rendered":"<h2>\u0160tudenti doktorandsk\u00e9ho \u0161t\u00fadia<\/h2>\n<table>\n<tbody>\n<tr>\n<th bgcolor=\"#d42fa5\"><span style=\"color: white; font-size: 12pt;\">Meno a priezvisko <\/span><\/th>\n<th bgcolor=\"#d42fa5\"><span style=\"color: white; font-size: 12pt;\">Ro\u010dn\u00edk <\/span><\/th>\n<th bgcolor=\"#d42fa5\"><span style=\"color: white; font-size: 12pt;\">Forma <\/span><\/th>\n<th bgcolor=\"#d42fa5\"><span style=\"color: white; font-size: 12pt;\">\u0160kolite\u013e <\/span><\/th>\n<th bgcolor=\"#d42fa5\"><span style=\"color: white; font-size: 12pt;\">T\u00e9ma dizerta\u010dnej pr\u00e1ce <\/span><\/th>\n<th bgcolor=\"#d42fa5\"><span style=\"color: white; font-size: 12pt;\">Email <\/span><\/th>\n<\/tr>\n<tr>\n<td><span style=\"font-size: 12pt;\">Ing. Abrah\u00e1m G\u0151cze<br \/>\n<\/span><\/td>\n<td align=\"center\"><span style=\"font-size: 12pt;\">1<\/span><\/td>\n<td align=\"center\"><span style=\"font-size: 12pt;\">Denn\u00e1<\/span><\/td>\n<td>prof. Ing. Radoslav Delina, PhD.<\/td>\n<td>Vyu\u017eitie AI a rozsiahlych d\u00e1t v oblasti riz\u00edk v riaden\u00ed dod\u00e1vate\u013esk\u00fdch re\u0165azcov<\/td>\n<td>Abraham.Gocze@tuke.sk<\/td>\n<\/tr>\n<tr>\n<td><span style=\"font-size: 12pt;\">Ing. Katar\u00edna Dr\u00e1bov\u00e1<\/span><\/td>\n<td align=\"center\">2<\/td>\n<td align=\"center\"><span style=\"font-size: 12pt;\">Denn\u00e1<\/span><\/td>\n<td>doc. Ing. Krist\u00edna Ko\u010di\u0161ov\u00e1, PhD.<\/td>\n<td><span style=\"font-size: 12pt;\">Makro-finan\u010dn\u00e9 aspekty klimatick\u00fdch zmien<\/span><\/td>\n<td><span style=\"font-size: 12pt;\">Katarina.Drabova@tuke.sk<\/span><\/td>\n<\/tr>\n<tr>\n<td><span style=\"font-size: 12pt;\">Mgr. Alina Palamarchuk<\/span><\/td>\n<td align=\"center\">2<\/td>\n<td align=\"center\"><span style=\"font-size: 12pt;\">Denn\u00e1<\/span><\/td>\n<td>doc. Ing. Michal \u0160olt\u00e9s, PhD.<\/td>\n<td><span style=\"font-size: 12pt;\">\u00daloha mikrofinancovania v rozvoji podnikania s akcentom na podporu \u017eien<\/span><\/td>\n<td><span style=\"font-size: 12pt;\">Alina.Palamarchuk@tuke.sk<\/span><\/td>\n<\/tr>\n<tr>\n<td><span style=\"font-size: 12pt;\">Ing. No\u00e9mi Prokopov\u00e1<\/span><\/td>\n<td align=\"center\"><span style=\"font-size: 12pt;\">3<\/span><\/td>\n<td align=\"center\"><span style=\"font-size: 12pt;\">Denn\u00e1<\/span><\/td>\n<td>doc. Ing. Krist\u00edna Ko\u010di\u0161ov\u00e1, PhD.<\/td>\n<td>Syst\u00e9mov\u00e9 riziko v bankovom sektore<\/td>\n<td><span style=\"font-size: 12pt;\">Noemi.Prokopova@tuke.sk<\/span><\/td>\n<\/tr>\n<tr>\n<td><span style=\"font-size: 12pt;\">Ing. Karina Zhemelko<\/span><\/td>\n<td align=\"center\"><span style=\"font-size: 12pt;\">3<\/span><\/td>\n<td align=\"center\"><span style=\"font-size: 12pt;\">Denn\u00e1<\/span><\/td>\n<td>doc. Ing. Krist\u00edna Ko\u010di\u0161ov\u00e1, PhD.<\/td>\n<td>Kvalita prenosov\u00e9ho kan\u00e1lu \u00farokov\u00fdch sadzieb v krajin\u00e1ch Eur\u00f3pskej \u00fanie<\/td>\n<td><span style=\"font-size: 12pt;\">Karina.Zhemelko@tuke.sk<\/span><\/td>\n<\/tr>\n<tr>\n<td><\/td>\n<td align=\"center\"><\/td>\n<td align=\"center\"><\/td>\n<td><\/td>\n<td><\/td>\n<td><\/td>\n<\/tr>\n<tr>\n<td><\/td>\n<td align=\"center\"><\/td>\n<td align=\"center\"><\/td>\n<td><\/td>\n<td><\/td>\n<td><\/td>\n<\/tr>\n<tr>\n<td><\/td>\n<td align=\"center\"><\/td>\n<td align=\"center\"><\/td>\n<td><\/td>\n<td><\/td>\n<td><\/td>\n<\/tr>\n<tr>\n<td><\/td>\n<td align=\"center\"><\/td>\n<td align=\"center\"><\/td>\n<td><\/td>\n<td><\/td>\n<td><\/td>\n<\/tr>\n<tr>\n<td><\/td>\n<td align=\"center\"><\/td>\n<td align=\"center\"><\/td>\n<td><\/td>\n<td><\/td>\n<td><\/td>\n<\/tr>\n<tr>\n<td><\/td>\n<td align=\"center\"><\/td>\n<td align=\"center\"><\/td>\n<td><\/td>\n<td><\/td>\n<td><\/td>\n<\/tr>\n<tr>\n<td><\/td>\n<td align=\"center\"><\/td>\n<td align=\"center\"><\/td>\n<td><\/td>\n<td><\/td>\n<td><\/td>\n<\/tr>\n<tr>\n<td><\/td>\n<td align=\"center\"><\/td>\n<td align=\"center\"><\/td>\n<td><\/td>\n<td><\/td>\n<td><\/td>\n<\/tr>\n<tr>\n<td bgcolor=\"#d42fa5\"><span style=\"color: #d42fa5; font-size: 12pt;\">&amp;nbsp;&amp;nbsp;<\/span><\/td>\n<td bgcolor=\"#d42fa5\"><\/td>\n<td bgcolor=\"#d42fa5\"><\/td>\n<td bgcolor=\"#d42fa5\"><span style=\"color: #d42fa5; font-size: 12pt;\">&amp;nbsp;&amp;nbsp;&amp;nbsp;&amp;nbsp;&amp;nbsp<\/span><\/td>\n<td bgcolor=\"#d42fa5\"><span style=\"color: #d42fa5; font-size: 12pt;\">&amp;nbsp;&amp;nbsp;&amp;nbsp;&amp;nbsp;&amp;nbsp<\/span><\/td>\n<td bgcolor=\"#d42fa5\"><\/td>\n<\/tr>\n<\/tbody>\n<\/table>\n","protected":false},"excerpt":{"rendered":"<p>\u0160tudenti doktorandsk\u00e9ho \u0161t\u00fadia Meno a priezvisko Ro\u010dn\u00edk Forma \u0160kolite\u013e T\u00e9ma dizerta\u010dnej pr\u00e1ce Email Ing. Abrah\u00e1m G\u0151cze 1 Denn\u00e1 prof. Ing. Radoslav Delina, PhD. Vyu\u017eitie AI&hellip;<\/p>\n","protected":false},"author":1,"featured_media":0,"parent":45,"menu_order":3,"comment_status":"closed","ping_status":"closed","template":"","meta":{"footnotes":""},"class_list":["post-106","page","type-page","status-publish","hentry","no-post-thumbnail"],"_links":{"self":[{"href":"https:\/\/kbai.ekf.tuke.sk\/index.php\/wp-json\/wp\/v2\/pages\/106","targetHints":{"allow":["GET"]}}],"collection":[{"href":"https:\/\/kbai.ekf.tuke.sk\/index.php\/wp-json\/wp\/v2\/pages"}],"about":[{"href":"https:\/\/kbai.ekf.tuke.sk\/index.php\/wp-json\/wp\/v2\/types\/page"}],"author":[{"embeddable":true,"href":"https:\/\/kbai.ekf.tuke.sk\/index.php\/wp-json\/wp\/v2\/users\/1"}],"replies":[{"embeddable":true,"href":"https:\/\/kbai.ekf.tuke.sk\/index.php\/wp-json\/wp\/v2\/comments?post=106"}],"version-history":[{"count":58,"href":"https:\/\/kbai.ekf.tuke.sk\/index.php\/wp-json\/wp\/v2\/pages\/106\/revisions"}],"predecessor-version":[{"id":895,"href":"https:\/\/kbai.ekf.tuke.sk\/index.php\/wp-json\/wp\/v2\/pages\/106\/revisions\/895"}],"up":[{"embeddable":true,"href":"https:\/\/kbai.ekf.tuke.sk\/index.php\/wp-json\/wp\/v2\/pages\/45"}],"wp:attachment":[{"href":"https:\/\/kbai.ekf.tuke.sk\/index.php\/wp-json\/wp\/v2\/media?parent=106"}],"curies":[{"name":"wp","href":"https:\/\/api.w.org\/{rel}","templated":true}]}}