{"id":105,"date":"2023-02-08T06:52:34","date_gmt":"2023-02-08T06:52:34","guid":{"rendered":"http:\/\/www4.ekf.tuke.sk\/kbai\/?page_id=105"},"modified":"2025-09-19T10:01:26","modified_gmt":"2025-09-19T10:01:26","slug":"clenovia-katedry","status":"publish","type":"page","link":"https:\/\/kbai.ekf.tuke.sk\/index.php\/o-katedre\/clenovia-katedry\/","title":{"rendered":"\u010clenovia katedry"},"content":{"rendered":"<h2>\u010clenovia katedry<\/h2>\n<table style=\"width: 126.109%; height: 843px;\" width=\"100%\">\n<tbody>\n<tr style=\"height: 49px;\">\n<th style=\"height: 49px; width: 9.19614%;\" bgcolor=\"#d42fa5\"><span style=\"color: white; font-size: 12pt;\">Poz\u00edcia <\/span><\/th>\n<th style=\"height: 49px; width: 25.0418%;\" bgcolor=\"#d42fa5\"><span style=\"color: white; font-size: 12pt;\">Meno a priezvisko <\/span><\/th>\n<th style=\"height: 49px; width: 3.9164%;\" bgcolor=\"#d42fa5\"><span style=\"color: white; font-size: 12pt;\">Miestnos\u0165 <\/span><\/th>\n<th style=\"height: 49px; width: 15.8039%;\" bgcolor=\"#d42fa5\"><span style=\"color: white; font-size: 12pt;\">Telef\u00f3n <\/span><\/th>\n<th style=\"height: 49px; width: 30.5498%;\" bgcolor=\"#d42fa5\"><span style=\"color: white; font-size: 12pt;\">Email <\/span><\/th>\n<\/tr>\n<tr style=\"height: 49px;\">\n<td style=\"height: 49px; width: 9.19614%;\"><span style=\"font-size: 12pt;\">Ved\u00faci katedry<\/span><\/td>\n<td style=\"height: 49px; width: 25.0418%;\"><a href=\"http:\/\/kbai.ekf.tuke.sk\/index.php\/o-katedre\/clenovia-katedry\/jozef-glova\/\"><span style=\"font-size: 12pt;\">doc. Ing. Jozef GLOVA, PhD.<\/span><\/a><\/td>\n<td style=\"height: 49px; width: 3.9164%;\" align=\"center\"><span style=\"font-size: 12pt;\">307<\/span><\/td>\n<td style=\"height: 49px; width: 15.8039%;\"><span style=\"font-size: 12pt;\">+421 55 602 32 78<\/span><\/td>\n<td style=\"height: 49px; width: 30.5498%;\"><span style=\"font-size: 12pt;\">Jozef.Glova@tuke.sk<\/span><\/td>\n<\/tr>\n<tr style=\"height: 49px;\">\n<td style=\"height: 49px; width: 9.19614%;\" bgcolor=\"#d42fa5\"><\/td>\n<td style=\"height: 49px; width: 25.0418%;\" bgcolor=\"#d42fa5\"><\/td>\n<td style=\"height: 49px; width: 3.9164%;\" bgcolor=\"#d42fa5\"><\/td>\n<td style=\"height: 49px; width: 15.8039%;\" bgcolor=\"#d42fa5\"><\/td>\n<td style=\"height: 49px; width: 30.5498%;\" bgcolor=\"#d42fa5\"><\/td>\n<\/tr>\n<tr style=\"height: 49px;\">\n<td style=\"height: 49px; width: 9.19614%;\" rowspan=\"2\"><span style=\"font-size: 12pt;\">Profesor<\/span><\/td>\n<td style=\"height: 49px; width: 25.0418%;\"><a href=\"http:\/\/kbai.ekf.tuke.sk\/index.php\/o-katedre\/clenovia-katedry\/radoslav-delin\/\"><span style=\"font-size: 12pt;\">prof. Ing. Radoslav DELINA, PhD.<\/span><\/a><\/td>\n<td style=\"height: 49px; width: 3.9164%;\" align=\"center\"><span style=\"font-size: 12pt;\">309<\/span><\/td>\n<td style=\"height: 49px; width: 15.8039%;\"><span style=\"font-size: 12pt;\">+421 55 602 32 79<\/span><\/td>\n<td style=\"height: 49px; width: 30.5498%;\"><span style=\"font-size: 12pt;\">Radoslav.Delina@tuke.sk<\/span><\/td>\n<\/tr>\n<tr style=\"height: 49px;\">\n<td style=\"height: 49px; width: 25.0418%;\"><a href=\"http:\/\/kbai.ekf.tuke.sk\/index.php\/o-katedre\/clenovia-katedry\/tomas-sabol\/\"><span style=\"font-size: 12pt;\">prof. Ing. Tom\u00e1\u0160 SABOL, CSc.<\/span><\/a><\/td>\n<td style=\"height: 49px; width: 3.9164%;\" align=\"center\"><\/td>\n<td style=\"height: 49px; width: 15.8039%;\"><span style=\"font-size: 12pt;\">\u00a0<\/span><\/td>\n<td style=\"height: 49px; width: 30.5498%;\"><span style=\"font-size: 12pt;\">Tomas.Sabol@tuke.sk<\/span><\/td>\n<\/tr>\n<tr style=\"height: 49px;\">\n<td style=\"height: 49px; width: 9.19614%;\" bgcolor=\"#d42fa5\"><\/td>\n<td style=\"height: 49px; width: 25.0418%;\" bgcolor=\"#d42fa5\"><\/td>\n<td style=\"height: 49px; width: 3.9164%;\" bgcolor=\"#d42fa5\"><\/td>\n<td style=\"height: 49px; width: 15.8039%;\" bgcolor=\"#d42fa5\"><\/td>\n<td style=\"height: 49px; width: 30.5498%;\" bgcolor=\"#d42fa5\"><\/td>\n<\/tr>\n<tr style=\"height: 49px;\">\n<td style=\"height: 100px; width: 9.19614%;\" rowspan=\"2\"><span style=\"font-size: 12pt;\">Docenti<\/span><\/td>\n<td style=\"height: 49px; width: 25.0418%;\"><span style=\"font-size: 12pt;\"><a href=\"http:\/\/kbai.ekf.tuke.sk\/index.php\/o-katedre\/clenovia-katedry\/kristina-kocisova\/\">doc. Ing. Krist\u00edna KO\u010cI\u0160OV\u00c1, PhD.<\/a><\/span><\/td>\n<td style=\"height: 49px; width: 3.9164%;\" align=\"center\"><span style=\"font-size: 12pt;\">310<\/span><\/td>\n<td style=\"height: 49px; width: 15.8039%;\"><span style=\"font-size: 12pt;\">+421 55 602 32 80<\/span><\/td>\n<td style=\"height: 49px; width: 30.5498%;\"><span style=\"font-size: 12pt;\">Kristina.Kocisova@tuke.sk<\/span><\/td>\n<\/tr>\n<tr style=\"height: 49px;\">\n<td style=\"height: 49px; width: 25.0418%;\"><a href=\"http:\/\/kbai.ekf.tuke.sk\/index.php\/o-katedre\/clenovia-katedry\/michal-soltes\/\"><span style=\"font-size: 12pt;\">doc. Ing. Michal \u0160OLT\u00c9S, PhD.<\/span><\/a><\/td>\n<td style=\"height: 49px; width: 3.9164%;\" align=\"center\"><span style=\"font-size: 12pt;\">227<\/span><\/td>\n<td style=\"height: 49px; width: 15.8039%;\"><span style=\"font-size: 12pt;\">+421 55 602 32 76<\/span><\/td>\n<td style=\"height: 49px; width: 30.5498%;\"><span style=\"font-size: 12pt;\">Michal.Soltes@tuke.sk<\/span><\/td>\n<\/tr>\n<tr style=\"height: 49px;\">\n<td style=\"height: 10px; width: 9.19614%;\" bgcolor=\"#d42fa5\"><span style=\"color: #d42fa5; font-size: 8pt;\">&amp;amp;nbsp;&amp;amp;nbsp;<\/span><\/td>\n<td style=\"height: 10px; width: 25.0418%;\" bgcolor=\"#d42fa5\"><span style=\"font-size: 8pt; color: #d42fa5;\">&amp;nbsp:&amp;nbsp:&amp;nbsp:&amp;nbsp:&amp;nbsp:&amp;nbsp:&amp;nbsp:&amp;nbsp:<\/span><\/td>\n<td style=\"height: 10px; width: 3.9164%;\" bgcolor=\"#d42fa5\"><\/td>\n<td style=\"height: 10px; width: 15.8039%;\" bgcolor=\"#d42fa5\"><span style=\"font-size: 8pt; color: #d42fa5;\">&amp;nbsp:&amp;nbsp:&amp;nbsp:&amp;nbsp:&amp;nbsp:<\/span><\/td>\n<td style=\"height: 10px; width: 30.5498%;\" bgcolor=\"#d42fa5\"><\/td>\n<\/tr>\n<tr style=\"height: 49px;\">\n<td style=\"height: 343px; width: 9.19614%;\" rowspan=\"10\"><span style=\"font-size: 12pt;\">Odborn\u00ed asistenti<\/span><\/td>\n<td style=\"height: 49px; width: 25.0418%;\"><a href=\"http:\/\/kbai.ekf.tuke.sk\/index.php\/o-katedre\/clenovia-katedry\/darya-dancakova\/\"><span style=\"font-size: 12pt;\">Ing. Darya DANCAKOV\u00c1, PhD.<\/span><\/a><\/td>\n<td style=\"height: 49px; width: 3.9164%;\" align=\"center\"><span style=\"font-size: 12pt;\">306<\/span><\/td>\n<td style=\"height: 49px; width: 15.8039%;\"><span style=\"font-size: 12pt;\">+421 55 602 32 81<\/span><\/td>\n<td style=\"height: 49px; width: 30.5498%;\"><span style=\"font-size: 12pt;\">Darya.Dancakova@tuke.sk<\/span><\/td>\n<\/tr>\n<tr style=\"height: 49px;\">\n<td style=\"height: 49px; width: 25.0418%;\"><a href=\"http:\/\/kbai.ekf.tuke.sk\/index.php\/o-katedre\/clenovia-katedry\/gabriel-demeter\/\"><span style=\"font-size: 12pt;\">Ing. Gabriel DEMETER, PhD.<\/span><\/a><\/td>\n<td style=\"height: 49px; width: 3.9164%;\" align=\"center\"><span style=\"font-size: 12pt;\">309<\/span><\/td>\n<td style=\"height: 49px; width: 15.8039%;\"><span style=\"font-size: 12pt;\">+421 55 602 32 79<\/span><\/td>\n<td style=\"height: 49px; width: 30.5498%;\"><span style=\"font-size: 12pt;\">Gabriel.Demeter@tuke.sk<\/span><\/td>\n<\/tr>\n<tr style=\"height: 49px;\">\n<td style=\"height: 49px; width: 25.0418%;\"><a href=\"http:\/\/kbai.ekf.tuke.sk\/index.php\/o-katedre\/clenovia-katedry\/radoslav-drab\/\"><span style=\"font-size: 12pt;\">Ing. Radovan DR\u00c1B, PhD.<\/span><\/a><\/td>\n<td style=\"height: 49px; width: 3.9164%;\" align=\"center\"><span style=\"font-size: 12pt;\">311<\/span><\/td>\n<td style=\"height: 49px; width: 15.8039%;\"><span style=\"font-size: 12pt;\">+421 55 602 32 81<\/span><\/td>\n<td style=\"height: 49px; width: 30.5498%;\"><span style=\"font-size: 12pt;\">Radovan.Drab@tuke.sk<\/span><\/td>\n<\/tr>\n<tr style=\"height: 49px;\">\n<td style=\"height: 49px; width: 25.0418%;\"><a href=\"http:\/\/kbai.ekf.tuke.sk\/index.php\/o-katedre\/clenovia-katedry\/adriana-novotna\/\"><span style=\"font-size: 12pt;\">Ing. Adriana NOVOTN\u00c1, PhD.<\/span><\/a><\/td>\n<td style=\"height: 49px; width: 3.9164%;\" align=\"center\"><span style=\"font-size: 12pt;\">105<\/span><\/td>\n<td style=\"height: 49px; width: 15.8039%;\"><span style=\"font-size: 12pt;\">+421 55 602 24 74<\/span><\/td>\n<td style=\"height: 49px; width: 30.5498%;\"><span style=\"font-size: 12pt;\">Adriana.Novotna@tuke.sk<\/span><\/td>\n<\/tr>\n<tr style=\"height: 49px;\">\n<td style=\"height: 49px; width: 25.0418%;\"><a href=\"http:\/\/kbai.ekf.tuke.sk\/index.php\/o-katedre\/clenovia-katedry\/matus-panko\/\"><span style=\"font-size: 12pt;\">Ing. Mat\u00fa\u0161 PANKO, PhD.<\/span><\/a><\/td>\n<td style=\"height: 49px; width: 3.9164%;\" align=\"center\"><span style=\"font-size: 12pt;\">106<\/span><\/td>\n<td style=\"height: 49px; width: 15.8039%;\"><span style=\"font-size: 12pt;\">+421 55 602 24 75<\/span><\/td>\n<td style=\"height: 49px; width: 30.5498%;\"><span style=\"font-size: 12pt;\">Matus.Panko@tuke.sk<\/span><\/td>\n<\/tr>\n<tr style=\"height: 49px;\">\n<td style=\"height: 49px; width: 25.0418%;\"><a href=\"http:\/\/kbai.ekf.tuke.sk\/index.php\/o-katedre\/clenovia-katedry\/ludmila-pavlikova\/\"><span style=\"font-size: 12pt;\">Ing. \u013dudmila PAVLIKOV\u00c1, PhD.<\/span><\/a><\/td>\n<td style=\"height: 49px; width: 3.9164%;\" align=\"center\"><span style=\"font-size: 12pt;\">306<\/span><\/td>\n<td style=\"height: 49px; width: 15.8039%;\"><span style=\"font-size: 12pt;\">+421 55 602 32 81<\/span><\/td>\n<td style=\"height: 49px; width: 30.5498%;\"><span style=\"font-size: 12pt;\">Ludmila.Pavlikova@tuke.sk<\/span><\/td>\n<\/tr>\n<tr style=\"height: 49px;\">\n<td style=\"height: 49px; width: 25.0418%;\"><a href=\"http:\/\/kbai.ekf.tuke.sk\/index.php\/o-katedre\/clenovia-katedry\/natalia-slyvkanyc\/\"><span style=\"font-size: 12pt;\">Ing. Nat\u00e1lia SLYVKANY\u010c, PhD.<\/span><\/a><\/td>\n<td style=\"height: 49px; width: 3.9164%;\" align=\"center\"><span style=\"font-size: 12pt;\">106<\/span><\/td>\n<td style=\"height: 49px; width: 15.8039%;\"><span style=\"font-size: 12pt;\">+421 55 602 24 75<\/span><\/td>\n<td style=\"height: 49px; width: 30.5498%;\"><span style=\"font-size: 12pt;\">Natalia.Slyvkanyc@tuke.sk<\/span><\/td>\n<\/tr>\n<tr style=\"height: 49px;\">\n<td style=\"height: 49px; width: 25.0418%;\"><a href=\"http:\/\/kbai.ekf.tuke.sk\/index.php\/o-katedre\/clenovia-katedry\/jakub-sopko\/\"><span style=\"font-size: 12pt;\">Ing. Jakub SOPKO, PhD.<\/span><\/a><\/td>\n<td style=\"height: 49px; width: 3.9164%;\" align=\"center\"><span style=\"font-size: 12pt;\">305<\/span><\/td>\n<td style=\"height: 49px; width: 15.8039%;\"><span style=\"font-size: 12pt;\">+421 55 602 24 41<\/span><\/td>\n<td style=\"height: 49px; width: 30.5498%;\"><span style=\"font-size: 12pt;\">Jakub.Sopko@tuke.sk<\/span><\/td>\n<\/tr>\n<tr style=\"height: 49px;\">\n<td style=\"height: 49px; width: 25.0418%;\"><a href=\"http:\/\/kbai.ekf.tuke.sk\/index.php\/o-katedre\/clenovia-katedry\/tomas-stofa\/\"><span style=\"font-size: 12pt;\">Ing. Tom\u00e1\u0161 \u0160TOFA, PhD.<\/span><\/a><\/td>\n<td style=\"height: 49px; width: 3.9164%;\" align=\"center\"><span style=\"font-size: 12pt;\">311<\/span><\/td>\n<td style=\"height: 49px; width: 15.8039%;\"><span style=\"font-size: 12pt;\">+421 55 602 21 57<\/span><\/td>\n<td style=\"height: 49px; width: 30.5498%;\"><span style=\"font-size: 12pt;\">Tomas.Stofa@tuke.sk<\/span><\/td>\n<\/tr>\n<tr style=\"height: 49px;\">\n<td style=\"height: 49px; width: 25.0418%;\"><a href=\"http:\/\/kbai.ekf.tuke.sk\/index.php\/o-katedre\/clenovia-katedry\/leos-safar\/\"><span style=\"font-size: 12pt;\">Ing. Leo\u0161 \u0160AF\u00c1R, PhD., MBA<\/span><\/a><\/td>\n<td style=\"height: 49px; width: 3.9164%;\" align=\"center\"><span style=\"font-size: 12pt;\">305<\/span><\/td>\n<td style=\"height: 49px; width: 15.8039%;\"><span style=\"font-size: 12pt;\">+421 55 602 24 41<\/span><\/td>\n<td style=\"height: 49px; width: 30.5498%;\"><span style=\"font-size: 12pt;\">Leos.Safar@tuke.sk<\/span><\/td>\n<\/tr>\n<tr style=\"height: 49px;\">\n<td style=\"width: 9.19614%; height: 49px;\" bgcolor=\"#d42fa5\"><\/td>\n<td style=\"width: 25.0418%; height: 49px;\" bgcolor=\"#d42fa5\"><\/td>\n<td style=\"width: 3.9164%; height: 49px;\" bgcolor=\"#d42fa5\"><span style=\"font-size: 12pt;\">\u00a0<\/span><\/td>\n<td style=\"width: 15.8039%; height: 49px;\" bgcolor=\"#d42fa5\"><span style=\"font-size: 12pt;\">\u00a0<\/span><\/td>\n<td style=\"width: 30.5498%; height: 49px;\" bgcolor=\"#d42fa5\"><span style=\"font-size: 12pt;\">\u00a0<\/span><\/td>\n<\/tr>\n<\/tbody>\n<\/table>\n","protected":false},"excerpt":{"rendered":"<p>\u010clenovia katedry Poz\u00edcia Meno a priezvisko Miestnos\u0165 Telef\u00f3n Email Ved\u00faci katedry doc. Ing. Jozef GLOVA, PhD. 307 +421 55 602 32 78 Jozef.Glova@tuke.sk Profesor prof.&hellip;<\/p>\n","protected":false},"author":1,"featured_media":0,"parent":45,"menu_order":2,"comment_status":"closed","ping_status":"closed","template":"","meta":{"footnotes":""},"class_list":["post-105","page","type-page","status-publish","hentry","no-post-thumbnail"],"_links":{"self":[{"href":"https:\/\/kbai.ekf.tuke.sk\/index.php\/wp-json\/wp\/v2\/pages\/105","targetHints":{"allow":["GET"]}}],"collection":[{"href":"https:\/\/kbai.ekf.tuke.sk\/index.php\/wp-json\/wp\/v2\/pages"}],"about":[{"href":"https:\/\/kbai.ekf.tuke.sk\/index.php\/wp-json\/wp\/v2\/types\/page"}],"author":[{"embeddable":true,"href":"https:\/\/kbai.ekf.tuke.sk\/index.php\/wp-json\/wp\/v2\/users\/1"}],"replies":[{"embeddable":true,"href":"https:\/\/kbai.ekf.tuke.sk\/index.php\/wp-json\/wp\/v2\/comments?post=105"}],"version-history":[{"count":100,"href":"https:\/\/kbai.ekf.tuke.sk\/index.php\/wp-json\/wp\/v2\/pages\/105\/revisions"}],"predecessor-version":[{"id":897,"href":"https:\/\/kbai.ekf.tuke.sk\/index.php\/wp-json\/wp\/v2\/pages\/105\/revisions\/897"}],"up":[{"embeddable":true,"href":"https:\/\/kbai.ekf.tuke.sk\/index.php\/wp-json\/wp\/v2\/pages\/45"}],"wp:attachment":[{"href":"https:\/\/kbai.ekf.tuke.sk\/index.php\/wp-json\/wp\/v2\/media?parent=105"}],"curies":[{"name":"wp","href":"https:\/\/api.w.org\/{rel}","templated":true}]}}