{"id":104,"date":"2023-02-08T06:52:34","date_gmt":"2023-02-08T06:52:34","guid":{"rendered":"http:\/\/www4.ekf.tuke.sk\/kbai\/?page_id=104"},"modified":"2023-11-08T16:24:59","modified_gmt":"2023-11-08T16:24:59","slug":"o-nas","status":"publish","type":"page","link":"https:\/\/kbai.ekf.tuke.sk\/index.php\/o-katedre\/o-nas\/","title":{"rendered":"O n\u00e1s"},"content":{"rendered":"<p>Katedra bankovn\u00edctva a investovania zabezpe\u010duje v\u00fduku predmetov v oblasti komer\u010dn\u00e9ho a centr\u00e1lneho bankovn\u00edctva, pois\u0165ovn\u00edctva, investovania, elektronick\u00e9ho obchodovania, finan\u010dn\u00e9ho rozhodovania a riadenia riz\u00edk. Odborn\u00e1 \u0161pecializ\u00e1cia v pedagogicko-v\u00fdskumnej \u010dinnosti je dlhodobo zameran\u00e1 na z\u00e1kladn\u00e9 oblasti:<\/p>\n<ul>\n<li>Bankovn\u00edctvo<\/li>\n<li>Investovanie<\/li>\n<li>Pois\u0165ovn\u00edctvo<\/li>\n<li>Oce\u0148ovanie investi\u010dn\u00fdch z\u00e1merov<\/li>\n<li>Elektronick\u00e9 obchodovanie<\/li>\n<\/ul>\n<p>Katedra garantuje predmety v r\u00e1mci \u0161tudijn\u00fdch programov:<\/p>\n<ul>\n<li>Prv\u00fd stupe\u0148 &#8211; Bakal\u00e1rske \u0161t\u00fadium: Financie, bankovn\u00edctvo a investovanie<\/li>\n<li>Druh\u00fd stupe\u0148 &#8211; In\u017einierske \u0161t\u00fadium: Financie, bankovn\u00edctvo a investovanie, Ekonomika a mana\u017ement verejnej spr\u00e1vy<\/li>\n<li>Tret\u00ed stupe\u0148 &#8211; Doktorandsk\u00e9 \u0161t\u00fadium: Financie<\/li>\n<\/ul>\n<p>Absolventi vy\u0161\u0161ie uveden\u00fdch \u0161tudijn\u00fdch programov nach\u00e1dzaj\u00fa uplatnenie v bankovom sektore, pois\u0165ovniach, v in\u0161tit\u00faci\u00e1ch s p\u00f4soben\u00edm na kapit\u00e1lov\u00fdch trhoch, \u010di v podnikovej sf\u00e9re na Slovensku i v zahrani\u010d\u00ed.<\/p>\n<p>V\u00fduka na predmetoch garantovan\u00fdch katedrou vych\u00e1dza z najnov\u0161\u00edch teoretick\u00fdch poznatkov, ako aj z praktick\u00fdch sk\u00fasenost\u00ed z\u00edskan\u00fdch dlhodobou spolupr\u00e1cou s v\u00fdznamn\u00fdmi in\u0161tit\u00faciami, ako aj zo sk\u00fasenost\u00ed z\u00edskan\u00fdch pri rie\u0161en\u00ed v\u00fdskumn\u00fdch projektov.<\/p>\n<p><span class=\"highlightedSearchTerm\">Katedra<\/span> bankovn\u00edctva a investovania sa zameriava vo svojich v\u00fdskumoch na priame zahrani\u010dn\u00e9 invest\u00edcie, bankovn\u00edctvo, pois\u0165ovn\u00edctvo, meranie v\u00fdkonnosti obchodn\u00fdch procesov, elektronick\u00e9 obchodovanie a slu\u017eby, aplik\u00e1ciu informa\u010dn\u00fdch a komunika\u010dn\u00fdch technol\u00f3gi\u00ed v komer\u010dnej sf\u00e9re a verejnej spr\u00e1ve (eGovernment). \u010clenovia katedry sa z\u00fa\u010dast\u0148uj\u00fa na rie\u0161en\u00ed a koordin\u00e1cii v\u00fdskumn\u00fdch \u00faloh v r\u00e1mci medzin\u00e1rodn\u00fdch v\u00fdskumn\u00fdch projektoch zameran\u00fdch hlavne na socio-ekonomick\u00e9 anal\u00fdzy a podporu rozhodovania pri aplik\u00e1ci\u00e1ch informa\u010dn\u00fdch a komunika\u010dn\u00fdch technol\u00f3gi\u00ed. V n\u00e1rodn\u00fdch v\u00fdskumn\u00fdch a eduka\u010dn\u00fdch projektoch sa zameriava <span class=\"highlightedSearchTerm\">katedra<\/span> na konkurencieschopnos\u0165 b\u00e1nk a komer\u010dn\u00e9ho sektora, riadenie elektronick\u00e9ho obchodovania, syst\u00e9my na podporu rozhodovania, rizikov\u00fd mana\u017ement, oce\u0148ovanie podnikov, finan\u010dn\u00e9 investovanie, sektorov\u00e9 anal\u00fdzy, inov\u00e1cie v e-learningu a pod. V r\u00e1mci niektor\u00fdch projektov <span class=\"highlightedSearchTerm\">katedra<\/span> pon\u00faka \u0161kolenia a poradensk\u00e9 slu\u017eby v spom\u00ednan\u00fdch oblastiach.<\/p>\n<p>K zabezpe\u010deniu v\u00fduky \u010dlenovia katedry vydali radu kni\u017en\u00fdch publik\u00e1ci\u00ed a skr\u00edpt z uveden\u00fdch oblast\u00ed. Pravidelne prispievaj\u00fa do renomovan\u00fdch \u010dasopisov, predn\u00e1\u0161aj\u00fa na dom\u00e1cich a zahrani\u010dn\u00fdch konferenci\u00e1ch, predn\u00e1\u0161aj\u00fa na in\u00fdch zahrani\u010dn\u00fdch univerzit\u00e1ch v r\u00e1mci programu Erasmus+ mobilitn\u00fdch aktiv\u00edt. Poznatky z\u00edskan\u00e9 pri realiz\u00e1cii v\u00fdskumu a publika\u010dnej \u010dinnosti pou\u017e\u00edvaj\u00fa na obohatenie a zv\u00fd\u0161enie kvality vyu\u010dovacieho procesu.<\/p>\n","protected":false},"excerpt":{"rendered":"<p>Katedra bankovn\u00edctva a investovania zabezpe\u010duje v\u00fduku predmetov v oblasti komer\u010dn\u00e9ho a centr\u00e1lneho bankovn\u00edctva, pois\u0165ovn\u00edctva, investovania, elektronick\u00e9ho obchodovania, finan\u010dn\u00e9ho rozhodovania a riadenia riz\u00edk. Odborn\u00e1 \u0161pecializ\u00e1cia v&hellip;<\/p>\n","protected":false},"author":1,"featured_media":0,"parent":45,"menu_order":1,"comment_status":"closed","ping_status":"closed","template":"","meta":{"footnotes":""},"class_list":["post-104","page","type-page","status-publish","hentry","no-post-thumbnail"],"_links":{"self":[{"href":"https:\/\/kbai.ekf.tuke.sk\/index.php\/wp-json\/wp\/v2\/pages\/104","targetHints":{"allow":["GET"]}}],"collection":[{"href":"https:\/\/kbai.ekf.tuke.sk\/index.php\/wp-json\/wp\/v2\/pages"}],"about":[{"href":"https:\/\/kbai.ekf.tuke.sk\/index.php\/wp-json\/wp\/v2\/types\/page"}],"author":[{"embeddable":true,"href":"https:\/\/kbai.ekf.tuke.sk\/index.php\/wp-json\/wp\/v2\/users\/1"}],"replies":[{"embeddable":true,"href":"https:\/\/kbai.ekf.tuke.sk\/index.php\/wp-json\/wp\/v2\/comments?post=104"}],"version-history":[{"count":10,"href":"https:\/\/kbai.ekf.tuke.sk\/index.php\/wp-json\/wp\/v2\/pages\/104\/revisions"}],"predecessor-version":[{"id":562,"href":"https:\/\/kbai.ekf.tuke.sk\/index.php\/wp-json\/wp\/v2\/pages\/104\/revisions\/562"}],"up":[{"embeddable":true,"href":"https:\/\/kbai.ekf.tuke.sk\/index.php\/wp-json\/wp\/v2\/pages\/45"}],"wp:attachment":[{"href":"https:\/\/kbai.ekf.tuke.sk\/index.php\/wp-json\/wp\/v2\/media?parent=104"}],"curies":[{"name":"wp","href":"https:\/\/api.w.org\/{rel}","templated":true}]}}